{"id":3375,"date":"2024-10-18T08:09:36","date_gmt":"2024-10-18T01:09:36","guid":{"rendered":"https:\/\/thptdamha.edu.vn\/?page_id=3375"},"modified":"2024-11-16T21:29:13","modified_gmt":"2024-11-16T14:29:13","slug":"gioi-thieu","status":"publish","type":"page","link":"https:\/\/thptdamha.edu.vn\/?page_id=3375","title":{"rendered":"Gi\u1edbi thi\u1ec7u"},"content":{"rendered":"\r\n<p style=\"text-align: justify;\"><span style=\"color: #ffffff;\">&#8211;\u00a0<\/span> Tr\u01b0\u1eddng THPT \u0110\u1ea7m H\u00e0, ti\u1ec1n th\u00e2n l\u00e0 Tr\u01b0\u1eddng c\u1ea5p 3 \u0110\u1ea7m H\u00e0 (t\u00ean g\u1ecdi c\u1ee7a tr\u01b0\u1eddng l\u00fac b\u1ea5y gi\u1edd) \u0111\u00e3 tr\u1ea3i qua h\u01a1n 50 n\u0103m x\u00e2y d\u1ef1ng v\u00e0 ph\u00e1t tri\u1ec3n, nh\u00e0 tr\u01b0\u1eddng \u0111\u00e3 \u0111\u00e0o t\u1ea1o \u0111\u01b0\u1ee3c h\u01a1n 8000 h\u1ecdc sinh c\u00f3 \u0111\u1ee7 ph\u1ea9m ch\u1ea5t \u0111\u1ea1o \u0111\u1ee9c, c\u00f3 c\u1ea3 nh\u1eefng HS t\u00e0i n\u0103ng, l\u00e0 nh\u1eefng c\u00f4ng d\u00e2n \u01b0u t\u00fa ph\u1ee5c v\u1ee5 qu\u00ea h\u01b0\u01a1ng \u0110\u1ea7m H\u00e0 v\u00e0 ph\u1ee5c v\u1ee5 \u0111\u1ea5t n\u01b0\u1edbc. Nhi\u1ec1u h\u1ecdc sinh tr\u1edf th\u00e0nh c\u00e1n b\u1ed9 cao c\u1ea5p, l\u00e0 c\u00e1c nh\u00e0 khoa h\u1ecdc, c\u00e1c v\u0103n ngh\u1ec7 s\u0129 th\u00e0nh danh, l\u00e0 nh\u1eefng nh\u00e0 qu\u1ea3n l\u00fd, ng\u01b0\u1eddi lao \u0111\u1ed9ng gi\u1ecfi; c\u00f3 nhi\u1ec1u h\u1ecdc sinh tr\u01b0\u1edfng th\u00e0nh, \u0111\u1ea3m nhi\u1ec7m nhi\u1ec1u ch\u1ee9c v\u1ee5 quan tr\u1ecdng trong c\u01a1 quan \u0110\u1ea3ng, ch\u00ednh quy\u1ec1n t\u1eeb t\u1ec9nh \u0111\u1ebfn \u0111\u1ecba ph\u01b0\u01a1ng. V\u1ec1 l\u1ecbch s\u1eed, nh\u00e0 tr\u01b0\u1eddng tr\u1ea3i qua c\u00e1c giai \u0111o\u1ea1n nh\u01b0 sau:<\/p>\r\n<p style=\"text-align: justify;\"><span style=\"color: #ffffff;\">&#8211;\u00a0<\/span> &#8211; Tr\u01b0\u1eddng \u0111\u01b0\u1ee3c th\u00e0nh l\u1eadp th\u00e1ng 8\/1971 v\u1edbi s\u1ed1 h\u1ecdc sinh n\u0103m h\u1ecdc \u0111\u1ea7u ti\u00ean: 89; S\u1ed1 l\u1edbp: 03; S\u1ed1 gi\u00e1o vi\u00ean: 10; Hi\u1ec7u tr\u01b0\u1edfng \u0111\u1ea7u ti\u00ean l\u00e0 th\u1ea7y Nguy\u1ec5n \u0110\u1ee9c Vi (1971- 1973); n\u0103m h\u1ecdc 1972-1973, tr\u01b0\u1eddng chuy\u1ec3n v\u1ec1 x\u00e3 \u0110\u1ea7m H\u00e0 ; N\u0103m h\u1ecdc 1973-1974 tr\u01b0\u1eddng tr\u1edf v\u1ec1 th\u1ecb tr\u1ea5n \u0110\u1ea7m H\u00e0 h\u1ecdc t\u1ea1m t\u1ea1i c\u01a1 s\u1edf c\u0169 c\u1ee7a b\u1ec7nh vi\u1ec7n \u0110\u1ea7m H\u00e0.<\/p>\r\n<p style=\"text-align: justify;\"><span style=\"color: #ffffff;\">&#8211;\u00a0<\/span> &#8211; N\u0103m 1975, c\u1ea3 n\u01b0\u1edbc h\u00e2n hoan trong ni\u1ec1m vui th\u1ed1ng nh\u1ea5t, trong ni\u1ec1m vui chung \u0111\u00f3 th\u1ea7y v\u00e0 tr\u00f2 tr\u01b0\u1eddng c\u1ea5p 3 \u0110\u1ea7m H\u00e0 c\u00f2n c\u00f3 th\u00eam ni\u1ec1m vui n\u1eefa l\u00e0 ng\u00f4i tr\u01b0\u1eddng m\u1edbi to \u0111\u1eb9p, khang trang (so v\u1edbi l\u00fac b\u1ea5y gi\u1edd) \u0111\u00e3 ho\u00e0n th\u00e0nh b\u00ean b\u1edd s\u00f4ng \u0110\u1ea7m H\u00e0, ph\u1ed1 H\u00e0 Quang V\u00f3c, th\u1ecb tr\u1ea5n \u0110\u1ea7m H\u00e0. Tr\u01b0\u1eddng c\u00f3 1 khu nh\u00e0 2 t\u1ea7ng 8 ph\u00f2ng h\u1ecdc, c\u00f3 ph\u00f2ng th\u00ed nghi\u1ec7m, th\u01b0 vi\u1ec7n, c\u00f3 khu t\u1eadp th\u1ec3 cho gi\u00e1o vi\u00ean v\u00e0 khu n\u1ed9i tr\u00fa cho h\u1ecdc sinh \u1edf xa. \u0110\u00e2y l\u00e0 m\u1ed9t ngu\u1ed3n \u0111\u1ed9ng vi\u00ean, kh\u00edch l\u1ec7 to l\u1edbn \u0111\u1ed1i v\u1edbi th\u1ea7y, c\u00f4 gi\u00e1o, h\u1ecdc sinh v\u00e0 nh\u00e2n d\u00e2n \u0110\u1ea7m H\u00e0. T\u1eeb th\u00e1ng 8 n\u0103m 1975 \u0111\u1ebfn th\u00e1ng 7 n\u0103m 2015 l\u00e0 th\u1eddi k\u00ec tr\u01b0\u1eddng THPT \u0110\u1ea7m H\u00e0\u00a0 ph\u00e1t tri\u1ec3n nhanh ch\u00f3ng v\u1ec1 quy m\u00f4 t\u1eeb 8 l\u1edbp 265 h\u1ecdc sinh l\u00ean 24 l\u1edbp v\u1edbi tr\u00ean 1.000 h\u1ecdc sinh.<\/p>\r\n<p style=\"text-align: justify;\"><span style=\"color: #ffffff;\">&#8211;\u00a0<\/span> &#8211; Th\u00e1ng 8 n\u0103m 2015 tr\u01b0\u1eddng chuy\u1ec3n v\u1ec1 ng\u00f4i tr\u01b0\u1eddng m\u1edbi t\u1ea1i ph\u1ed1 Chu V\u0103n An, th\u1ecb tr\u1ea5n \u0110\u1ea7m H\u00e0, v\u1edbi di\u1ec7n t\u00edch 35.000m2 (l\u00e0 tr\u01b0\u1eddng THPT c\u00f4ng l\u1eadp r\u1ed9ng nh\u1ea5t t\u1ec9nh l\u00fac b\u1ea5y gi\u1edd). Ng\u00f4i tr\u01b0\u1eddng m\u1edbi g\u1ed3m khu nh\u00e0 hi\u1ec7u b\u1ed9, khu nh\u00e0 h\u1ecdc l\u00fd thuy\u1ebft, khu th\u00ed nghi\u1ec7m th\u1ef1c h\u00e0nh, khu gi\u00e1o d\u1ee5c th\u1ec3 ch\u1ea5t, nh\u00e0 \u0111a n\u0103ng, s\u00e2n nghi th\u1ee9c, khu nh\u00e0 c\u00f4ng v\u1ee5 khang trang. Hi\u1ec7n t\u1ea1i tr\u01b0\u1eddng THPT \u0110\u1ea7m H\u00e0 c\u00f3 23 l\u1edbp (n\u0103m h\u1ecdc 2024-2025) v\u1edbi h\u01a1n 50 CBGVNV v\u00e0 1.000 h\u1ecdc sinh.<\/p>\r\n<p style=\"text-align: justify;\"><span style=\"color: #ffffff;\">&#8211;\u00a0<\/span> Tr\u1ea3i qua h\u01a1n 50 n\u0103m x\u00e2y d\u1ef1ng v\u00e0 ph\u00e1t tri\u1ec3n, nh\u00e0 tr\u01b0\u1eddng \u0111\u00e3 c\u00f3 c\u00e1c th\u1ebf h\u1ec7 nh\u00e0 gi\u00e1o n\u1ed5i b\u1eadt nh\u01b0: th\u1ea7y gi\u00e1o \u0110\u00e0o Duy C\u00e1t (nguy\u00ean Gi\u00e1m \u0111\u1ed1c \u0110\u00e0i Ph\u00e1t thanh- Truy\u1ec1n h\u00ecnh t\u1ec9nh), th\u1ea7y gi\u00e1o \u0110\u1ed7 V\u0103n Thu\u1ea5n (Gi\u00e1m \u0111\u1ed1c S\u1edf Gi\u00e1o d\u1ee5c v\u00e0 \u0111\u00e0o t\u1ea1o Qu\u1ea3ng Ninh), Th\u1ea7y gi\u00e1o V\u0169 V\u0103n Ph\u00fa (Ph\u00f3 B\u00ed Th\u01b0 huy\u1ec7n \u0110\u1ea7m H\u00e0), C\u00f4 gi\u00e1o L\u00ea Th\u1ecb Thoa (Ph\u00f3 B\u00ed Th\u01b0 huy\u1ec7n H\u1ea3i H\u00e0), Th\u1ea7y gi\u00e1o \u00a0Ti\u00eau C\u00f4ng T\u00e1m (Ph\u00f3 Ch\u1ee7 t\u1ecbch huy\u1ec7n \u0110\u1ea7m H\u00e0) , c\u00f4 L\u00fd Th\u1ecb Hoa (Ph\u00f3 Ch\u1ee7 t\u1ecbch H\u0110ND huy\u1ec7n \u0110\u1ea7m H\u00e0), Th\u1ea7y \u0110\u1eb7ng V\u0103n Tu\u1ea5n (Ph\u00f3 b\u00ed th\u01b0 th\u01b0\u1eddng tr\u1ef1c huy\u1ec7n \u1ee7y, ch\u1ee7 t\u1ecbch H\u1ed9i \u0111\u1ed3ng nh\u00e2n d\u00e2n huy\u1ec7n \u0110\u1ea7m H\u00e0), Th\u1ea7y L\u00ea B\u00ecnh Ph\u01b0\u1ee3ng \u2013 Ph\u00f3 ch\u1ee7 t\u1ecbch UBND huy\u1ec7n \u0110\u1ea7m H\u00e0 \u2026. C\u00f9ng nhi\u1ec1u th\u1ea7y c\u00f4 l\u00e0 l\u00e3nh \u0111\u1ea1o c\u00e1c ph\u00f2ng ban huy\u1ec7n \u0110\u1ea7m H\u00e0.<\/p>\r\n<p style=\"text-align: justify;\"><span style=\"color: #ffffff;\">&#8211;\u00a0<\/span> Nh\u00e0 tr\u01b0\u1eddng c\u0169ng v\u00f4 c\u00f9ng t\u1ef1 h\u00e0o c\u00f3 nhi\u1ec1u th\u1ebf h\u1ec7 H\u1ecdc sinh n\u1ed5i b\u1eadt nh\u01b0: c\u1ef1u HS l\u00e0 PGS-TS Nguy\u1ec5n V\u0103n \u0110\u1ed9ng (gi\u1ea3ng vi\u00ean tr\u01b0\u1eddng \u0110\u1ea1i h\u1ecdc Lu\u1eadt H\u00e0 N\u1ed9i), ti\u1ebfn s\u0129 Ho\u00e0ng V\u0103n Th\u1eafng (Gi\u00e1m \u0111\u1ed1c Trung t\u00e2m nghi\u00ean c\u1ee9u T\u00e0i nguy\u00ean v\u00e0 M\u00f4i tr\u01b0\u1eddng thu\u1ed9c \u0110\u1ea1i h\u1ecdc Qu\u1ed1c gia H\u00e0 N\u1ed9i), C\u1ef1u HS \u0110\u1eb7ng V\u0103n Ch\u1ea5n (Thi\u1ebfu t\u01b0\u1edbng C\u00f4ng an nh\u00e2n d\u00e2n), L\u00ea V\u0103n H\u01a1n (Ch\u1ee7 t\u1ecbch huy\u1ec7n H\u1ea3i H\u00e0), c\u1ef1u HS L\u00ea H\u1ea1nh, m\u1ed9t s\u0129 quan qu\u00e2n \u0111\u1ed9i sau khi r\u1eddi qu\u00e2n ng\u0169, th\u00e0nh \u0111\u1ea1t trong kinh doanh, anh \u0111\u1ea7u t\u01b0 m\u1edf tr\u01b0\u1eddng THPT Chu V\u0103n An t\u00edch c\u1ef1c g\u00f3p s\u1ee9c v\u00e0o s\u1ef1 nghi\u1ec7p gi\u00e1o d\u1ee5c, c\u1ef1u HS Ph\u1ea1m Th\u1ecb Kim Thoa (Gi\u1ea3i nh\u1ea5t gi\u1ecdng h\u00e1t hay H\u00e0 N\u1ed9i n\u0103m 2011) v\u00e0 nhi\u1ec1u c\u00e1n b\u1ed9 ch\u1ee7 ch\u1ed1t c\u1ee7a hai huy\u1ec7n \u0110\u1ea7m H\u00e0 v\u00e0 H\u1ea3i H\u00e0\u2026\u00a0 \u00a0<\/p>\r\n<p style=\"text-align: justify;\"><span style=\"color: #ffffff;\">&#8211;\u00a0<\/span> Nh\u00e0 tr\u01b0\u1eddng \u0111\u00e3 \u0111\u01b0\u1ee3c \u0110\u1ea3ng, nh\u00e0 n\u01b0\u1edbc t\u1eb7ng th\u01b0\u1edfng nhi\u1ec1u danh hi\u1ec7u v\u00e0 ph\u1ea7n th\u01b0\u1edfng cao qu\u00fd, \u0111\u00e1ng ch\u00fa \u00fd \u0111\u00f3 l\u00e0 Hu\u00e2n ch\u01b0\u01a1ng Lao \u0111\u1ed9ng h\u1ea1ng Ba &#8211; n\u0103m 2019, \u0111\u01b0\u1ee3c S\u1edf GD&amp;\u0110T c\u1ea5p b\u1eb1ng c\u00f4ng nh\u1eadn \u0111\u1ea1t chu\u1ea9n qu\u1ed1c gia m\u1ee9c \u0111\u1ed9 2 v\u00e0 c\u1ea5p ch\u1ee9ng nh\u1eadn \u0111\u1ea1t ki\u1ec3m \u0111\u1ecbnh ch\u1ea5t l\u01b0\u1ee3ng gi\u00e1o d\u1ee5c c\u1ea5p \u0111\u1ed9 3 n\u0103m 2022, v\u00e0 r\u1ea5t nhi\u1ec1u b\u1eb1ng khen, gi\u1ea5y khen do c\u00e1c c\u1ea5p ng\u00e0nh trao t\u1eb7ng.<\/p>\r\n<p><\/p>","protected":false},"excerpt":{"rendered":"<p>&#8211;\u00a0 Tr\u01b0\u1eddng THPT \u0110\u1ea7m H\u00e0, ti\u1ec1n th\u00e2n l\u00e0 Tr\u01b0\u1eddng c\u1ea5p 3 \u0110\u1ea7m H\u00e0 (t\u00ean g\u1ecdi c\u1ee7a tr\u01b0\u1eddng l\u00fac b\u1ea5y gi\u1edd) \u0111\u00e3 tr\u1ea3i qua h\u01a1n 50 n\u0103m x\u00e2y d\u1ef1ng v\u00e0 ph\u00e1t tri\u1ec3n, nh\u00e0 tr\u01b0\u1eddng \u0111\u00e3 \u0111\u00e0o t\u1ea1o \u0111\u01b0\u1ee3c h\u01a1n 8000 h\u1ecdc sinh c\u00f3 \u0111\u1ee7 ph\u1ea9m ch\u1ea5t \u0111\u1ea1o \u0111\u1ee9c, c\u00f3 c\u1ea3 nh\u1eefng HS t\u00e0i n\u0103ng, l\u00e0 nh\u1eefng&#8230;<\/p>\n","protected":false},"author":1,"featured_media":0,"parent":0,"menu_order":0,"comment_status":"closed","ping_status":"closed","template":"","meta":{"footnotes":""},"class_list":["post-3375","page","type-page","status-publish","hentry"],"_links":{"self":[{"href":"https:\/\/thptdamha.edu.vn\/index.php?rest_route=\/wp\/v2\/pages\/3375","targetHints":{"allow":["GET"]}}],"collection":[{"href":"https:\/\/thptdamha.edu.vn\/index.php?rest_route=\/wp\/v2\/pages"}],"about":[{"href":"https:\/\/thptdamha.edu.vn\/index.php?rest_route=\/wp\/v2\/types\/page"}],"author":[{"embeddable":true,"href":"https:\/\/thptdamha.edu.vn\/index.php?rest_route=\/wp\/v2\/users\/1"}],"replies":[{"embeddable":true,"href":"https:\/\/thptdamha.edu.vn\/index.php?rest_route=%2Fwp%2Fv2%2Fcomments&post=3375"}],"version-history":[{"count":18,"href":"https:\/\/thptdamha.edu.vn\/index.php?rest_route=\/wp\/v2\/pages\/3375\/revisions"}],"predecessor-version":[{"id":4260,"href":"https:\/\/thptdamha.edu.vn\/index.php?rest_route=\/wp\/v2\/pages\/3375\/revisions\/4260"}],"wp:attachment":[{"href":"https:\/\/thptdamha.edu.vn\/index.php?rest_route=%2Fwp%2Fv2%2Fmedia&parent=3375"}],"curies":[{"name":"wp","href":"https:\/\/api.w.org\/{rel}","templated":true}]}}