{"id":3388,"date":"2024-10-18T08:26:42","date_gmt":"2024-10-18T01:26:42","guid":{"rendered":"https:\/\/thptdamha.edu.vn\/?page_id=3388"},"modified":"2024-11-08T07:40:01","modified_gmt":"2024-11-08T00:40:01","slug":"ban-lanh-dao","status":"publish","type":"page","link":"https:\/\/thptdamha.edu.vn\/?page_id=3388","title":{"rendered":"Ban l\u00e3nh \u0111\u1ea1o"},"content":{"rendered":"\r\n<table>\r\n<tbody>\r\n<tr>\r\n<td width=\"46\">\r\n<p style=\"text-align: center;\"><strong><span style=\"font-size: 130%; color: #0000ff;\">STT<\/span><\/strong><\/p>\r\n<\/td>\r\n<td width=\"162\">\r\n<p style=\"text-align: center;\"><span style=\"color: #0000ff;\"><strong><span style=\"font-size: 130%;\">\u1ea2NH<\/span><\/strong><\/span><\/p>\r\n<\/td>\r\n<td width=\"162\">\r\n<p style=\"text-align: center;\"><span style=\"font-size: 130%; color: #0000ff;\"><strong>TH\u00d4NG TIN L\u00c3NH \u0110\u1ea0O<\/strong><\/span><\/p>\r\n<\/td>\r\n<\/tr>\r\n<tr>\r\n<td width=\"46\">\r\n<p style=\"text-align: center;\"><strong><span style=\"color: #0000ff; font-size: 120%;\">1<\/span><\/strong><\/p>\r\n<\/td>\r\n<td width=\"162\">\r\n<p><img loading=\"lazy\" decoding=\"async\" class=\"alignnone size-medium wp-image-3651\" src=\"https:\/\/thptdamha.edu.vn\/wp-content\/uploads\/2024\/11\/7ac44130f5ac4df214bd-200x300.jpg\" alt=\"\" width=\"200\" height=\"300\" srcset=\"https:\/\/thptdamha.edu.vn\/wp-content\/uploads\/2024\/11\/7ac44130f5ac4df214bd-200x300.jpg 200w, https:\/\/thptdamha.edu.vn\/wp-content\/uploads\/2024\/11\/7ac44130f5ac4df214bd-683x1024.jpg 683w, https:\/\/thptdamha.edu.vn\/wp-content\/uploads\/2024\/11\/7ac44130f5ac4df214bd-768x1152.jpg 768w, https:\/\/thptdamha.edu.vn\/wp-content\/uploads\/2024\/11\/7ac44130f5ac4df214bd-1024x1536.jpg 1024w, https:\/\/thptdamha.edu.vn\/wp-content\/uploads\/2024\/11\/7ac44130f5ac4df214bd.jpg 1365w\" sizes=\"auto, (max-width: 200px) 100vw, 200px\" \/><\/p>\r\n<\/td>\r\n<td width=\"162\">\r\n<p><span style=\"font-size: 115%; color: #ff0000;\"><strong>Th\u1ea7y gi\u00e1o V\u0168 M\u1ea0NH C\u01af\u1edcNG<\/strong><\/span><\/p>\r\n<p><span style=\"font-size: 115%; color: #ff0000;\"><strong>Ch\u1ee9c v\u1ee5: Hi\u1ec7u tr\u01b0\u1edfng<\/strong><\/span><\/p>\r\n<p><span style=\"color: #0000ff; font-size: 110%;\">Sinh n\u0103m: 1981<\/span><\/p>\r\n<p><span style=\"color: #0000ff; font-size: 110%;\">Tr\u00ecnh \u0111\u1ed9 chuy\u00ean m\u00f4n: C\u1eed nh\u00e2n SP \u0110\u1ecba l\u00ed, Th\u1ea1c s\u0129 QLGD<\/span><\/p>\r\n<p><span style=\"color: #0000ff; font-size: 110%;\">Tr\u00ecnh \u0111\u1ed9 LLCT: Cao c\u1ea5p<\/span><\/p>\r\n<p><span style=\"color: #0000ff; font-size: 110%;\">\u0110i\u1ec7n tho\u1ea1i:\u00a0<a style=\"color: #0000ff;\" href=\"tel:0915909224\">0914667815<\/a><\/span><\/p>\r\n<p><span style=\"color: #0000ff; font-size: 110%;\">Email:\u00a0vumanhcuong.c3campha@quangninh.edu.vn<\/span><\/p>\r\n<\/td>\r\n<\/tr>\r\n<tr>\r\n<td width=\"46\">\r\n<p style=\"text-align: center;\"><strong><span style=\"color: #0000ff; font-size: 120%;\">2<\/span><\/strong><\/p>\r\n<\/td>\r\n<td width=\"162\">\r\n<p><img loading=\"lazy\" decoding=\"async\" class=\"alignnone size-medium wp-image-3693\" src=\"https:\/\/thptdamha.edu.vn\/wp-content\/uploads\/2024\/11\/b4ff53f24142f91ca053-218x300.jpg\" alt=\"\" width=\"218\" height=\"300\" srcset=\"https:\/\/thptdamha.edu.vn\/wp-content\/uploads\/2024\/11\/b4ff53f24142f91ca053-218x300.jpg 218w, https:\/\/thptdamha.edu.vn\/wp-content\/uploads\/2024\/11\/b4ff53f24142f91ca053-742x1024.jpg 742w, https:\/\/thptdamha.edu.vn\/wp-content\/uploads\/2024\/11\/b4ff53f24142f91ca053-768x1059.jpg 768w, https:\/\/thptdamha.edu.vn\/wp-content\/uploads\/2024\/11\/b4ff53f24142f91ca053.jpg 928w\" sizes=\"auto, (max-width: 218px) 100vw, 218px\" \/><\/p>\r\n<\/td>\r\n<td width=\"162\">\r\n<p><span style=\"color: #ff0000; font-size: 115%;\"><strong>C\u00f4 gi\u00e1o HO\u00c0NG TH\u1eca B\u00cdCH H\u01af\u1edcNG<\/strong><\/span><\/p>\r\n<p><span style=\"color: #ff0000; font-size: 115%;\"><strong>Ch\u1ee9c v\u1ee5: Ph\u00f3 Hi\u1ec7u tr\u01b0\u1edfng<\/strong><\/span><\/p>\r\n<p><span style=\"font-size: 110%; color: #0000ff;\">Sinh n\u0103m: 1971<\/span><\/p>\r\n<p><span style=\"font-size: 110%; color: #0000ff;\">Tr\u00ecnh \u0111\u1ed9 chuy\u00ean m\u00f4n: C\u1eed nh\u00e2n SP Sinh h\u1ecdc<\/span><\/p>\r\n<p><span style=\"font-size: 110%; color: #0000ff;\">Tr\u00ecnh \u0111\u1ed9 LLCT: Trung c\u1ea5p<\/span><\/p>\r\n<p><span style=\"font-size: 110%; color: #0000ff;\">\u0110i\u1ec7n tho\u1ea1i:\u00a00912530819<\/span><\/p>\r\n<p><span style=\"font-size: 110%; color: #0000ff;\">Email:\u00a0hoangthibichhuong.c3damha@quangninh.edu.vn<\/span><\/p>\r\n<\/td>\r\n<\/tr>\r\n<tr>\r\n<td width=\"46\">\r\n<p style=\"text-align: center;\"><strong><span style=\"color: #0000ff; font-size: 120%;\">3<\/span><\/strong><\/p>\r\n<\/td>\r\n<td width=\"162\">\r\n<p><img loading=\"lazy\" decoding=\"async\" class=\"alignnone size-medium wp-image-3649\" src=\"https:\/\/thptdamha.edu.vn\/wp-content\/uploads\/2024\/11\/2916a568b9c2019c58d3-197x300.jpg\" alt=\"\" width=\"197\" height=\"300\" srcset=\"https:\/\/thptdamha.edu.vn\/wp-content\/uploads\/2024\/11\/2916a568b9c2019c58d3-197x300.jpg 197w, https:\/\/thptdamha.edu.vn\/wp-content\/uploads\/2024\/11\/2916a568b9c2019c58d3-671x1024.jpg 671w, https:\/\/thptdamha.edu.vn\/wp-content\/uploads\/2024\/11\/2916a568b9c2019c58d3-768x1172.jpg 768w, https:\/\/thptdamha.edu.vn\/wp-content\/uploads\/2024\/11\/2916a568b9c2019c58d3-1006x1536.jpg 1006w, https:\/\/thptdamha.edu.vn\/wp-content\/uploads\/2024\/11\/2916a568b9c2019c58d3.jpg 1140w\" sizes=\"auto, (max-width: 197px) 100vw, 197px\" \/><\/p>\r\n<\/td>\r\n<td width=\"162\">\r\n<p><span style=\"font-size: 115%;\"><strong><span style=\"color: red;\">Th\u1ea7y gi\u00e1o NGUY\u1ec4N TH\u00c0NH HI\u1ebeU<\/span><\/strong><\/span><\/p>\r\n<p><span style=\"font-size: 115%;\"><strong><span style=\"color: red;\">Ch\u1ee9c v\u1ee5: Ph\u00f3 Hi\u1ec7u tr\u01b0\u1edfng<\/span><\/strong><\/span><\/p>\r\n<p><span style=\"font-size: 13.0pt; color: blue;\">Sinh n\u0103m: 1984<\/span><\/p>\r\n<p><span style=\"font-size: 13.0pt; color: blue;\">Tr\u00ecnh \u0111\u1ed9 chuy\u00ean m\u00f4n: Th\u1ea1c s\u0129 To\u00e1n h\u1ecdc<\/span><\/p>\r\n<p><span style=\"font-size: 13.0pt; color: blue;\">Tr\u00ecnh \u0111\u1ed9 LLCT: Trung c\u1ea5p<\/span><\/p>\r\n<p><span style=\"font-size: 13.0pt; color: blue;\">\u0110i\u1ec7n tho\u1ea1i:\u00a00985619114<\/span><\/p>\r\n<p><span style=\"font-size: 13.0pt; color: blue;\">Email:\u00a0nguyenthanhhieu.c3damha@quangninh.edu.vn<\/span><\/p>\r\n<\/td>\r\n<\/tr>\r\n<\/tbody>\r\n<\/table>","protected":false},"excerpt":{"rendered":"<p>STT \u1ea2NH TH\u00d4NG TIN L\u00c3NH \u0110\u1ea0O 1 Th\u1ea7y gi\u00e1o V\u0168 M\u1ea0NH C\u01af\u1edcNG Ch\u1ee9c v\u1ee5: Hi\u1ec7u tr\u01b0\u1edfng Sinh n\u0103m: 1981 Tr\u00ecnh \u0111\u1ed9 chuy\u00ean m\u00f4n: C\u1eed nh\u00e2n SP \u0110\u1ecba l\u00ed, Th\u1ea1c s\u0129 QLGD Tr\u00ecnh \u0111\u1ed9 LLCT: Cao c\u1ea5p \u0110i\u1ec7n tho\u1ea1i:\u00a00914667815 Email:\u00a0vumanhcuong.c3campha@quangninh.edu.vn 2 C\u00f4 gi\u00e1o HO\u00c0NG TH\u1eca B\u00cdCH H\u01af\u1edcNG Ch\u1ee9c v\u1ee5: Ph\u00f3 Hi\u1ec7u tr\u01b0\u1edfng Sinh n\u0103m: 1971 Tr\u00ecnh&#8230;<\/p>\n","protected":false},"author":1,"featured_media":0,"parent":0,"menu_order":0,"comment_status":"closed","ping_status":"closed","template":"","meta":{"footnotes":""},"class_list":["post-3388","page","type-page","status-publish","hentry"],"_links":{"self":[{"href":"https:\/\/thptdamha.edu.vn\/index.php?rest_route=\/wp\/v2\/pages\/3388","targetHints":{"allow":["GET"]}}],"collection":[{"href":"https:\/\/thptdamha.edu.vn\/index.php?rest_route=\/wp\/v2\/pages"}],"about":[{"href":"https:\/\/thptdamha.edu.vn\/index.php?rest_route=\/wp\/v2\/types\/page"}],"author":[{"embeddable":true,"href":"https:\/\/thptdamha.edu.vn\/index.php?rest_route=\/wp\/v2\/users\/1"}],"replies":[{"embeddable":true,"href":"https:\/\/thptdamha.edu.vn\/index.php?rest_route=%2Fwp%2Fv2%2Fcomments&post=3388"}],"version-history":[{"count":13,"href":"https:\/\/thptdamha.edu.vn\/index.php?rest_route=\/wp\/v2\/pages\/3388\/revisions"}],"predecessor-version":[{"id":3695,"href":"https:\/\/thptdamha.edu.vn\/index.php?rest_route=\/wp\/v2\/pages\/3388\/revisions\/3695"}],"wp:attachment":[{"href":"https:\/\/thptdamha.edu.vn\/index.php?rest_route=%2Fwp%2Fv2%2Fmedia&parent=3388"}],"curies":[{"name":"wp","href":"https:\/\/api.w.org\/{rel}","templated":true}]}}