{"id":3390,"date":"2024-10-18T08:26:51","date_gmt":"2024-10-18T01:26:51","guid":{"rendered":"https:\/\/thptdamha.edu.vn\/?page_id=3390"},"modified":"2024-11-29T14:39:06","modified_gmt":"2024-11-29T07:39:06","slug":"dang-bo","status":"publish","type":"page","link":"https:\/\/thptdamha.edu.vn\/?page_id=3390","title":{"rendered":"\u0110\u1ea3ng b\u1ed9"},"content":{"rendered":"<p><img loading=\"lazy\" decoding=\"async\" class=\" wp-image-3634 aligncenter\" src=\"https:\/\/thptdamha.edu.vn\/wp-content\/uploads\/2024\/10\/vector-bua-liem-inkythuatso-1.png\" alt=\"\" width=\"200\" height=\"133\" \/><\/p>\r\n<table width=\"799\">\r\n<tbody>\r\n<tr>\r\n<td style=\"text-align: center;\" colspan=\"5\" width=\"799\"><span style=\"font-size: 140%; color: #ff0000;\"><strong>BAN CH\u1ea4P H\u00c0NH \u0110\u1ea2NG \u1ee6Y TR\u01af\u1edcNG THPT \u0110\u1ea6M H\u00c0 <\/strong><\/span><br \/><span style=\"font-size: 140%; color: #ff0000;\"><strong>NHI\u1ec6M K\u00cc 2020-2025<\/strong><\/span><\/td>\r\n<\/tr>\r\n<tr>\r\n<td style=\"text-align: center;\" rowspan=\"2\"><span style=\"font-size: 115%; color: #0000ff;\"><strong>STT<\/strong><\/span><\/td>\r\n<td style=\"text-align: center;\" rowspan=\"2\"><span style=\"font-size: 115%; color: #0000ff;\"><strong>H\u1ecd v\u00e0 t\u00ean<\/strong><\/span><\/td>\r\n<td style=\"text-align: center;\" colspan=\"2\"><span style=\"font-size: 115%; color: #0000ff;\"><strong>N\u0103m sinh<\/strong><\/span><\/td>\r\n<td style=\"text-align: center;\" rowspan=\"2\"><span style=\"font-size: 115%; color: #0000ff;\"><strong>Ch\u1ee9c v\u1ee5<\/strong><\/span><\/td>\r\n<\/tr>\r\n<tr>\r\n<td style=\"text-align: center;\"><span style=\"font-size: 115%; color: #0000ff;\"><strong>Nam<\/strong><\/span><\/td>\r\n<td style=\"text-align: center;\"><span style=\"font-size: 115%; color: #0000ff;\"><strong>N\u1eef<\/strong><\/span><\/td>\r\n<\/tr>\r\n<tr>\r\n<td style=\"text-align: center;\"><span style=\"color: #0000ff; font-size: 110%;\"><strong>1<\/strong><\/span><\/td>\r\n<td><span style=\"font-size: 110%; color: #993300;\">V\u0169 M\u1ea1nh C\u01b0\u1eddng<\/span><\/td>\r\n<td style=\"text-align: center;\"><span style=\"font-size: 110%; color: #993300;\">1981<\/span><\/td>\r\n<td>\u00a0<\/td>\r\n<td><span style=\"font-size: 110%; color: #993300;\">B\u00ed th\u01b0 \u0110\u1ea3ng \u1ee7y, Hi\u1ec7u tr\u01b0\u1edfng<\/span><\/td>\r\n<\/tr>\r\n<tr>\r\n<td style=\"text-align: center;\"><span style=\"color: #0000ff; font-size: 110%;\"><strong>2<\/strong><\/span><\/td>\r\n<td><span style=\"font-size: 110%; color: #993300;\">Ho\u00e0ng Th\u1ecb B\u00edch H\u01b0\u1eddng<\/span><\/td>\r\n<td>\u00a0<\/td>\r\n<td style=\"text-align: center;\"><span style=\"font-size: 110%; color: #993300;\">1971<\/span><\/td>\r\n<td><span style=\"font-size: 110%; color: #993300;\">Ph\u00f3 B\u00ed th\u01b0 \u0110\u1ea3ng \u1ee7y, Ph\u00f3 Hi\u1ec7u tr\u01b0\u1edfng<\/span><\/td>\r\n<\/tr>\r\n<tr>\r\n<td style=\"text-align: center;\"><span style=\"color: #0000ff; font-size: 110%;\"><strong>3<\/strong><\/span><\/td>\r\n<td><span style=\"font-size: 110%; color: #993300;\">Nguy\u1ec5n Th\u00e0nh Hi\u1ebfu<\/span><\/td>\r\n<td style=\"text-align: center;\"><span style=\"font-size: 110%; color: #993300;\">1984<\/span><\/td>\r\n<td>\u00a0<\/td>\r\n<td><span style=\"font-size: 110%; color: #993300;\">\u0110\u1ea3ng \u1ee7y vi\u00ean, Ph\u00f3 Hi\u1ec7u tr\u01b0\u1edfng<\/span><\/td>\r\n<\/tr>\r\n<tr>\r\n<td style=\"text-align: center;\"><span style=\"color: #0000ff; font-size: 110%;\"><strong>4<\/strong><\/span><\/td>\r\n<td><span style=\"font-size: 110%; color: #993300;\">L\u01b0\u01a1ng Anh Nuy<\/span><\/td>\r\n<td style=\"text-align: center;\"><span style=\"font-size: 110%; color: #993300;\">1982<\/span><\/td>\r\n<td>\u00a0<\/td>\r\n<td><span style=\"font-size: 110%; color: #993300;\">\u0110\u1ea3ng \u1ee7y vi\u00ean, ch\u1ee7 t\u1ecbch C\u00f4ng \u0110o\u00e0n<\/span><\/td>\r\n<\/tr>\r\n<tr>\r\n<td style=\"text-align: center;\"><span style=\"color: #0000ff; font-size: 110%;\"><strong>5<\/strong><\/span><\/td>\r\n<td><span style=\"font-size: 110%; color: #993300;\">Tri\u1ec7u Minh Nguy\u1ec7t<\/span><\/td>\r\n<td>\u00a0<\/td>\r\n<td style=\"text-align: center;\"><span style=\"font-size: 110%; color: #993300;\">1980<\/span><\/td>\r\n<td><span style=\"font-size: 110%; color: #993300;\">\u0110\u1ea3ng \u1ee7y vi\u00ean, t\u1ed5 tr\u01b0\u1edfng chuy\u00ean m\u00f4n<\/span><\/td>\r\n<\/tr>\r\n<tr>\r\n<td style=\"text-align: center;\"><span style=\"color: #0000ff; font-size: 110%;\"><strong>6<\/strong><\/span><\/td>\r\n<td><span style=\"font-size: 110%; color: #993300;\">Ho\u00e0ng Th\u1ecb Th\u01b0\u01a1ng<\/span><\/td>\r\n<td>\u00a0<\/td>\r\n<td style=\"text-align: center;\"><span style=\"font-size: 110%; color: #993300;\">1972<\/span><\/td>\r\n<td><span style=\"font-size: 110%; color: #993300;\">\u0110\u1ea3ng \u1ee7y vi\u00ean, t\u1ed5 tr\u01b0\u1edfng chuy\u00ean m\u00f4n<\/span><\/td>\r\n<\/tr>\r\n<\/tbody>\r\n<\/table>\r\n","protected":false},"excerpt":{"rendered":"<p>BAN CH\u1ea4P H\u00c0NH \u0110\u1ea2NG \u1ee6Y TR\u01af\u1edcNG THPT \u0110\u1ea6M H\u00c0 NHI\u1ec6M K\u00cc 2020-2025 STT H\u1ecd v\u00e0 t\u00ean N\u0103m sinh Ch\u1ee9c v\u1ee5 Nam N\u1eef 1 V\u0169 M\u1ea1nh C\u01b0\u1eddng 1981 \u00a0 B\u00ed th\u01b0 \u0110\u1ea3ng \u1ee7y, Hi\u1ec7u tr\u01b0\u1edfng 2 Ho\u00e0ng Th\u1ecb B\u00edch H\u01b0\u1eddng \u00a0 1971 Ph\u00f3 B\u00ed th\u01b0 \u0110\u1ea3ng \u1ee7y, Ph\u00f3 Hi\u1ec7u tr\u01b0\u1edfng 3 Nguy\u1ec5n Th\u00e0nh Hi\u1ebfu 1984 \u00a0&#8230;<\/p>\n","protected":false},"author":1,"featured_media":0,"parent":0,"menu_order":0,"comment_status":"closed","ping_status":"closed","template":"","meta":{"footnotes":""},"class_list":["post-3390","page","type-page","status-publish","hentry"],"_links":{"self":[{"href":"https:\/\/thptdamha.edu.vn\/index.php?rest_route=\/wp\/v2\/pages\/3390","targetHints":{"allow":["GET"]}}],"collection":[{"href":"https:\/\/thptdamha.edu.vn\/index.php?rest_route=\/wp\/v2\/pages"}],"about":[{"href":"https:\/\/thptdamha.edu.vn\/index.php?rest_route=\/wp\/v2\/types\/page"}],"author":[{"embeddable":true,"href":"https:\/\/thptdamha.edu.vn\/index.php?rest_route=\/wp\/v2\/users\/1"}],"replies":[{"embeddable":true,"href":"https:\/\/thptdamha.edu.vn\/index.php?rest_route=%2Fwp%2Fv2%2Fcomments&post=3390"}],"version-history":[{"count":4,"href":"https:\/\/thptdamha.edu.vn\/index.php?rest_route=\/wp\/v2\/pages\/3390\/revisions"}],"predecessor-version":[{"id":4376,"href":"https:\/\/thptdamha.edu.vn\/index.php?rest_route=\/wp\/v2\/pages\/3390\/revisions\/4376"}],"wp:attachment":[{"href":"https:\/\/thptdamha.edu.vn\/index.php?rest_route=%2Fwp%2Fv2%2Fmedia&parent=3390"}],"curies":[{"name":"wp","href":"https:\/\/api.w.org\/{rel}","templated":true}]}}