{"id":3394,"date":"2024-10-18T08:27:12","date_gmt":"2024-10-18T01:27:12","guid":{"rendered":"https:\/\/thptdamha.edu.vn\/?page_id=3394"},"modified":"2024-11-12T16:04:00","modified_gmt":"2024-11-12T09:04:00","slug":"doan-thanh-nien","status":"publish","type":"page","link":"https:\/\/thptdamha.edu.vn\/?page_id=3394","title":{"rendered":"\u0110o\u00e0n thanh ni\u00ean"},"content":{"rendered":"<table width=\"467\">\r\n<tbody>\r\n<tr>\r\n<td style=\"text-align: center;\" colspan=\"5\" width=\"467\">\r\n<p><span style=\"font-size: 120%;\"><strong><span style=\"color: #008000;\"><img loading=\"lazy\" decoding=\"async\" class=\"alignnone size-medium wp-image-4093\" src=\"https:\/\/thptdamha.edu.vn\/wp-content\/uploads\/2024\/11\/Logo-Doan-Thanh-NIen-Cong-San-Ho-Chi-Minh-288x300.png\" alt=\"\" width=\"288\" height=\"300\" srcset=\"https:\/\/thptdamha.edu.vn\/wp-content\/uploads\/2024\/11\/Logo-Doan-Thanh-NIen-Cong-San-Ho-Chi-Minh-288x300.png 288w, https:\/\/thptdamha.edu.vn\/wp-content\/uploads\/2024\/11\/Logo-Doan-Thanh-NIen-Cong-San-Ho-Chi-Minh-983x1024.png 983w, https:\/\/thptdamha.edu.vn\/wp-content\/uploads\/2024\/11\/Logo-Doan-Thanh-NIen-Cong-San-Ho-Chi-Minh-768x800.png 768w, https:\/\/thptdamha.edu.vn\/wp-content\/uploads\/2024\/11\/Logo-Doan-Thanh-NIen-Cong-San-Ho-Chi-Minh.png 1200w\" sizes=\"auto, (max-width: 288px) 100vw, 288px\" \/><\/span><\/strong><\/span><\/p>\r\n<p><span style=\"font-size: 120%;\"><strong><span style=\"color: #008000;\">BAN CH\u1ea4P H\u00c0NH \u0110O\u00c0N TNCS H\u1ed2 CH\u00cd MINH<\/span><\/strong><\/span><\/p>\r\n<\/td>\r\n<\/tr>\r\n<tr>\r\n<td style=\"text-align: center;\" colspan=\"5\"><span style=\"font-size: 120%;\"><strong><span style=\"color: #008000;\">NHI\u1ec6M K\u00cc 2024 &#8211; 2025<\/span><\/strong><\/span><\/td>\r\n<\/tr>\r\n<tr>\r\n<td style=\"text-align: center;\" rowspan=\"2\"><span style=\"font-size: 110%;\"><strong><span style=\"color: #ff0000;\">STT<\/span><\/strong><\/span><\/td>\r\n<td style=\"text-align: center;\" rowspan=\"2\"><span style=\"font-size: 110%;\"><strong><span style=\"color: #ff0000;\">H\u1ecc V\u00c0 T\u00caN<\/span><\/strong><\/span><\/td>\r\n<td style=\"text-align: center;\" colspan=\"2\"><span style=\"font-size: 110%;\"><strong><span style=\"color: #ff0000;\">N\u0102M SINH<\/span><\/strong><\/span><\/td>\r\n<td style=\"text-align: center;\" rowspan=\"2\"><span style=\"font-size: 110%;\"><strong><span style=\"color: #ff0000;\">CH\u1ee8C V\u1ee4<\/span><\/strong><\/span><\/td>\r\n<\/tr>\r\n<tr>\r\n<td style=\"text-align: center;\"><span style=\"font-size: 110%;\"><strong><span style=\"color: #ff0000;\">NAM<\/span><\/strong><\/span><\/td>\r\n<td style=\"text-align: center;\"><span style=\"font-size: 110%;\"><strong><span style=\"color: #ff0000;\">N\u1eee<\/span><\/strong><\/span><\/td>\r\n<\/tr>\r\n<tr>\r\n<td style=\"text-align: center;\"><span style=\"font-size: 105%; color: #0000ff;\">1<\/span><\/td>\r\n<td><span style=\"font-size: 105%; color: #0000ff;\">Ph\u1ea1m Th\u1ecb Ngo\u00e3n<\/span><\/td>\r\n<td>\u00a0<\/td>\r\n<td style=\"text-align: center;\"><span style=\"font-size: 105%; color: #0000ff;\">1989<\/span><\/td>\r\n<td><span style=\"font-size: 105%; color: #0000ff;\">B\u00ed th\u01b0, GV \u0110\u1ecba l\u00ed<\/span><\/td>\r\n<\/tr>\r\n<tr>\r\n<td style=\"text-align: center;\"><span style=\"font-size: 105%; color: #0000ff;\">2<\/span><\/td>\r\n<td><span style=\"font-size: 105%; color: #0000ff;\">T\u00f4 T\u00f9ng Thanh<\/span><\/td>\r\n<td style=\"text-align: center;\"><span style=\"font-size: 105%; color: #0000ff;\">1989<\/span><\/td>\r\n<td>\u00a0<\/td>\r\n<td><span style=\"font-size: 105%; color: #0000ff;\">Ph\u00f3 B\u00ed th\u01b0, GV Tin h\u1ecdc<\/span><\/td>\r\n<\/tr>\r\n<tr>\r\n<td style=\"text-align: center;\"><span style=\"font-size: 105%; color: #0000ff;\">3<\/span><\/td>\r\n<td><span style=\"font-size: 105%; color: #0000ff;\">\u0110inh Ho\u00e0i Th\u01b0\u01a1ng<\/span><\/td>\r\n<td>\u00a0<\/td>\r\n<td style=\"text-align: center;\"><span style=\"font-size: 105%; color: #0000ff;\">2000<\/span><\/td>\r\n<td><span style=\"font-size: 105%; color: #0000ff;\">Ph\u00f3 B\u00ed th\u01b0, GV Ti\u1ebfng anh<\/span><\/td>\r\n<\/tr>\r\n<tr>\r\n<td style=\"text-align: center;\"><span style=\"font-size: 105%; color: #0000ff;\">4<\/span><\/td>\r\n<td><span style=\"font-size: 105%; color: #0000ff;\">L\u00ea Thanh Truy\u1ec7n<\/span><\/td>\r\n<td style=\"text-align: center;\"><span style=\"font-size: 105%; color: #0000ff;\">1987<\/span><\/td>\r\n<td>\u00a0<\/td>\r\n<td><span style=\"font-size: 105%; color: #0000ff;\">\u1ee6y vi\u00ean, GV Th\u1ec3 d\u1ee5c<\/span><\/td>\r\n<\/tr>\r\n<tr>\r\n<td style=\"text-align: center;\"><span style=\"font-size: 105%; color: #0000ff;\">5<\/span><\/td>\r\n<td><span style=\"font-size: 105%; color: #0000ff;\">V\u0169 Tr\u1ecdng C\u01b0\u01a1ng<\/span><\/td>\r\n<td style=\"text-align: center;\"><span style=\"font-size: 105%; color: #0000ff;\">2000<\/span><\/td>\r\n<td>\u00a0<\/td>\r\n<td><span style=\"font-size: 105%; color: #0000ff;\">\u1ee6y vi\u00ean, GV To\u00e1n h\u1ecdc<\/span><\/td>\r\n<\/tr>\r\n<tr>\r\n<td style=\"text-align: center;\"><span style=\"font-size: 105%; color: #0000ff;\">6<\/span><\/td>\r\n<td><span style=\"font-size: 105%; color: #0000ff;\">L\u01b0\u01a1ng Th\u1ecb Thanh Tuy\u1ebft<\/span><\/td>\r\n<td>\u00a0<\/td>\r\n<td style=\"text-align: center;\"><span style=\"font-size: 105%; color: #0000ff;\">2001<\/span><\/td>\r\n<td><span style=\"font-size: 105%; color: #0000ff;\">\u1ee6y vi\u00ean, GV Ng\u1eef v\u0103n<\/span><\/td>\r\n<\/tr>\r\n<\/tbody>\r\n<\/table>\r\n","protected":false},"excerpt":{"rendered":"<p>BAN CH\u1ea4P H\u00c0NH \u0110O\u00c0N TNCS H\u1ed2 CH\u00cd MINH NHI\u1ec6M K\u00cc 2024 &#8211; 2025 STT H\u1ecc V\u00c0 T\u00caN N\u0102M SINH CH\u1ee8C V\u1ee4 NAM N\u1eee 1 Ph\u1ea1m Th\u1ecb Ngo\u00e3n \u00a0 1989 B\u00ed th\u01b0, GV \u0110\u1ecba l\u00ed 2 T\u00f4 T\u00f9ng Thanh 1989 \u00a0 Ph\u00f3 B\u00ed th\u01b0, GV Tin h\u1ecdc 3 \u0110inh Ho\u00e0i Th\u01b0\u01a1ng \u00a0 2000 Ph\u00f3 B\u00ed th\u01b0,&#8230;<\/p>\n","protected":false},"author":1,"featured_media":0,"parent":0,"menu_order":0,"comment_status":"closed","ping_status":"closed","template":"","meta":{"footnotes":""},"class_list":["post-3394","page","type-page","status-publish","hentry"],"_links":{"self":[{"href":"https:\/\/thptdamha.edu.vn\/index.php?rest_route=\/wp\/v2\/pages\/3394","targetHints":{"allow":["GET"]}}],"collection":[{"href":"https:\/\/thptdamha.edu.vn\/index.php?rest_route=\/wp\/v2\/pages"}],"about":[{"href":"https:\/\/thptdamha.edu.vn\/index.php?rest_route=\/wp\/v2\/types\/page"}],"author":[{"embeddable":true,"href":"https:\/\/thptdamha.edu.vn\/index.php?rest_route=\/wp\/v2\/users\/1"}],"replies":[{"embeddable":true,"href":"https:\/\/thptdamha.edu.vn\/index.php?rest_route=%2Fwp%2Fv2%2Fcomments&post=3394"}],"version-history":[{"count":4,"href":"https:\/\/thptdamha.edu.vn\/index.php?rest_route=\/wp\/v2\/pages\/3394\/revisions"}],"predecessor-version":[{"id":4096,"href":"https:\/\/thptdamha.edu.vn\/index.php?rest_route=\/wp\/v2\/pages\/3394\/revisions\/4096"}],"wp:attachment":[{"href":"https:\/\/thptdamha.edu.vn\/index.php?rest_route=%2Fwp%2Fv2%2Fmedia&parent=3394"}],"curies":[{"name":"wp","href":"https:\/\/api.w.org\/{rel}","templated":true}]}}