{"id":3396,"date":"2024-10-18T08:27:28","date_gmt":"2024-10-18T01:27:28","guid":{"rendered":"https:\/\/thptdamha.edu.vn\/?page_id=3396"},"modified":"2024-11-05T17:09:05","modified_gmt":"2024-11-05T10:09:05","slug":"to-toan-tin","status":"publish","type":"page","link":"https:\/\/thptdamha.edu.vn\/?page_id=3396","title":{"rendered":"T\u1ed5 To\u00e1n &#8211; Tin"},"content":{"rendered":"<table width=\"725\">\r\n<tbody>\r\n<tr>\r\n<td style=\"text-align: center;\" colspan=\"8\" width=\"725\"><span style=\"font-size: 140%; color: #ff6600;\"><strong>DANH S\u00c1CH GI\u00c1O VI\u00caN T\u1ed4 TO\u00c1N &#8211; TIN<\/strong><\/span><\/td>\r\n<\/tr>\r\n<tr>\r\n<td style=\"text-align: center;\" rowspan=\"2\"><span style=\"font-size: 115%; color: #008000;\"><strong>STT<\/strong><\/span><\/td>\r\n<td style=\"text-align: center;\" rowspan=\"2\"><span style=\"font-size: 115%; color: #008000;\"><strong>H\u1ecc V\u00c0 T\u00caN<\/strong><\/span><\/td>\r\n<td style=\"text-align: center;\" colspan=\"2\"><span style=\"font-size: 115%; color: #008000;\"><strong>N\u0102M SINH<\/strong><\/span><\/td>\r\n<td style=\"text-align: center;\" colspan=\"2\" rowspan=\"2\"><span style=\"font-size: 115%; color: #008000;\"><strong>TR\u00ccNH \u0110\u1ed8 CHUY\u00caN M\u00d4N<\/strong><\/span><\/td>\r\n<td style=\"text-align: center;\" rowspan=\"2\"><span style=\"font-size: 115%; color: #008000;\"><strong>CH\u1ee8C V\u1ee4<\/strong><\/span><\/td>\r\n<td style=\"text-align: center;\" rowspan=\"2\"><span style=\"font-size: 115%; color: #008000;\"><strong>S\u1ed0 \u0110I\u1ec6N THO\u1ea0I<\/strong><\/span><\/td>\r\n<\/tr>\r\n<tr>\r\n<td style=\"text-align: center;\"><span style=\"font-size: 115%; color: #008000;\"><strong>Nam<\/strong><\/span><\/td>\r\n<td style=\"text-align: center;\"><span style=\"font-size: 115%; color: #008000;\"><strong>N\u1eef<\/strong><\/span><\/td>\r\n<\/tr>\r\n<tr>\r\n<td><span style=\"color: #0000ff; font-size: 110%;\">1<\/span><\/td>\r\n<td><span style=\"color: #0000ff; font-size: 110%;\">Th\u00e2n C\u00f4ng H\u00e0<\/span><\/td>\r\n<td><span style=\"color: #0000ff; font-size: 110%;\">1977<\/span><\/td>\r\n<td>\u00a0<\/td>\r\n<td colspan=\"2\"><span style=\"color: #0000ff; font-size: 110%;\">C\u1eed nh\u00e2n SP To\u00e1n h\u1ecdc<\/span><\/td>\r\n<td><span style=\"color: #0000ff; font-size: 110%;\">TTCM<\/span><\/td>\r\n<td><span style=\"color: #0000ff; font-size: 110%;\">0947019288<\/span><\/td>\r\n<\/tr>\r\n<tr>\r\n<td><span style=\"color: #0000ff; font-size: 110%;\">2<\/span><\/td>\r\n<td><span style=\"color: #0000ff; font-size: 110%;\">V\u0169 Th\u1ecb Th\u01b0<\/span><\/td>\r\n<td>\u00a0<\/td>\r\n<td><span style=\"color: #0000ff; font-size: 110%;\">1968<\/span><\/td>\r\n<td colspan=\"2\"><span style=\"color: #0000ff; font-size: 110%;\">C\u1eed nh\u00e2n SP To\u00e1n h\u1ecdc<\/span><\/td>\r\n<td><span style=\"color: #0000ff; font-size: 110%;\">TPCM<\/span><\/td>\r\n<td><span style=\"color: #0000ff; font-size: 110%;\">0367927698<\/span><\/td>\r\n<\/tr>\r\n<tr>\r\n<td><span style=\"color: #0000ff; font-size: 110%;\">3<\/span><\/td>\r\n<td><span style=\"color: #0000ff; font-size: 110%;\">Nguy\u1ec5n Th\u00e0nh Hi\u1ebfu<\/span><\/td>\r\n<td><span style=\"color: #0000ff; font-size: 110%;\">1984<\/span><\/td>\r\n<td>\u00a0<\/td>\r\n<td colspan=\"2\"><span style=\"color: #0000ff; font-size: 110%;\">Th\u1ea1c s\u0129 To\u00e1n h\u1ecdc<\/span><\/td>\r\n<td><span style=\"color: #0000ff; font-size: 110%;\">PHT<\/span><\/td>\r\n<td><span style=\"color: #0000ff; font-size: 110%;\">0985619114<\/span><\/td>\r\n<\/tr>\r\n<tr>\r\n<td><span style=\"color: #0000ff; font-size: 110%;\">4<\/span><\/td>\r\n<td><span style=\"color: #0000ff; font-size: 110%;\">Tr\u1ecbnh Th\u1ecb Ng\u1ecdc Anh<\/span><\/td>\r\n<td>\u00a0<\/td>\r\n<td><span style=\"color: #0000ff; font-size: 110%;\">1982<\/span><\/td>\r\n<td colspan=\"2\"><span style=\"color: #0000ff; font-size: 110%;\">C\u1eed nh\u00e2n SP To\u00e1n h\u1ecdc<\/span><\/td>\r\n<td><span style=\"color: #0000ff; font-size: 110%;\">Gi\u00e1o vi\u00ean<\/span><\/td>\r\n<td><span style=\"color: #0000ff; font-size: 110%;\">0982099520<\/span><\/td>\r\n<\/tr>\r\n<tr>\r\n<td><span style=\"color: #0000ff; font-size: 110%;\">5<\/span><\/td>\r\n<td><span style=\"color: #0000ff; font-size: 110%;\">L\u00ea Ng\u1ecdc B\u00edch<\/span><\/td>\r\n<td>\u00a0<\/td>\r\n<td><span style=\"color: #0000ff; font-size: 110%;\">1985<\/span><\/td>\r\n<td colspan=\"2\"><span style=\"color: #0000ff; font-size: 110%;\">C\u1eed nh\u00e2n SP To\u00e1n h\u1ecdc<\/span><\/td>\r\n<td><span style=\"color: #0000ff; font-size: 110%;\">Gi\u00e1o vi\u00ean<\/span><\/td>\r\n<td><span style=\"color: #0000ff; font-size: 110%;\">0984839181<\/span><\/td>\r\n<\/tr>\r\n<tr>\r\n<td><span style=\"color: #0000ff; font-size: 110%;\">6<\/span><\/td>\r\n<td><span style=\"color: #0000ff; font-size: 110%;\">Ho\u00e0ng \u0110\u00ccnh C\u01b0\u1eddng<\/span><\/td>\r\n<td><span style=\"color: #0000ff; font-size: 110%;\">1979<\/span><\/td>\r\n<td>\u00a0<\/td>\r\n<td colspan=\"2\"><span style=\"color: #0000ff; font-size: 110%;\">C\u1eed nh\u00e2n SP To\u00e1n h\u1ecdc<\/span><\/td>\r\n<td><span style=\"color: #0000ff; font-size: 110%;\">Gi\u00e1o vi\u00ean<\/span><\/td>\r\n<td><span style=\"color: #0000ff; font-size: 110%;\">0976762459<\/span><\/td>\r\n<\/tr>\r\n<tr>\r\n<td><span style=\"color: #0000ff; font-size: 110%;\">7<\/span><\/td>\r\n<td><span style=\"color: #0000ff; font-size: 110%;\">D\u01b0\u01a1ng Thu Ho\u00e0i<\/span><\/td>\r\n<td>\u00a0<\/td>\r\n<td><span style=\"color: #0000ff; font-size: 110%;\">1986<\/span><\/td>\r\n<td colspan=\"2\"><span style=\"color: #0000ff; font-size: 110%;\">C\u1eed nh\u00e2n SP To\u00e1n h\u1ecdc<\/span><\/td>\r\n<td><span style=\"color: #0000ff; font-size: 110%;\">Gi\u00e1o vi\u00ean<\/span><\/td>\r\n<td><span style=\"color: #0000ff; font-size: 110%;\">0357510766<\/span><\/td>\r\n<\/tr>\r\n<tr>\r\n<td><span style=\"color: #0000ff; font-size: 110%;\">8<\/span><\/td>\r\n<td><span style=\"color: #0000ff; font-size: 110%;\">L\u01b0\u01a1ng Qu\u00fd Kh\u01b0\u01a1ng<\/span><\/td>\r\n<td><span style=\"color: #0000ff; font-size: 110%;\">1980<\/span><\/td>\r\n<td>\u00a0<\/td>\r\n<td colspan=\"2\"><span style=\"color: #0000ff; font-size: 110%;\">C\u1eed nh\u00e2n SP Tin h\u1ecdc<\/span><\/td>\r\n<td><span style=\"color: #0000ff; font-size: 110%;\">Gi\u00e1o vi\u00ean<\/span><\/td>\r\n<td><span style=\"color: #0000ff; font-size: 110%;\">0912454488<\/span><\/td>\r\n<\/tr>\r\n<tr>\r\n<td><span style=\"color: #0000ff; font-size: 110%;\">9<\/span><\/td>\r\n<td><span style=\"color: #0000ff; font-size: 110%;\">L\u01b0\u01a1ng Anh Nuy<\/span><\/td>\r\n<td><span style=\"color: #0000ff; font-size: 110%;\">1982<\/span><\/td>\r\n<td>\u00a0<\/td>\r\n<td colspan=\"2\"><span style=\"color: #0000ff; font-size: 110%;\">Th\u1ea1c s\u0129 Tin h\u1ecdc<\/span><\/td>\r\n<td><span style=\"color: #0000ff; font-size: 110%;\">Gi\u00e1o vi\u00ean<\/span><\/td>\r\n<td><span style=\"color: #0000ff; font-size: 110%;\">0983558018<\/span><\/td>\r\n<\/tr>\r\n<tr>\r\n<td><span style=\"color: #0000ff; font-size: 110%;\">10<\/span><\/td>\r\n<td><span style=\"color: #0000ff; font-size: 110%;\">Chu Ti\u1ebfn Ph\u01b0\u01a1ng<\/span><\/td>\r\n<td><span style=\"color: #0000ff; font-size: 110%;\">1983<\/span><\/td>\r\n<td>\u00a0<\/td>\r\n<td colspan=\"2\"><span style=\"color: #0000ff; font-size: 110%;\">C\u1eed nh\u00e2n SP C\u00f4ng ngh\u1ec7<\/span><\/td>\r\n<td><span style=\"color: #0000ff; font-size: 110%;\">Gi\u00e1o vi\u00ean<\/span><\/td>\r\n<td><span style=\"color: #0000ff; font-size: 110%;\">0868918151<\/span><\/td>\r\n<\/tr>\r\n<tr>\r\n<td><span style=\"color: #0000ff; font-size: 110%;\">11<\/span><\/td>\r\n<td><span style=\"color: #0000ff; font-size: 110%;\">L\u00ea H\u1ed3ng Thanh<\/span><\/td>\r\n<td><span style=\"color: #0000ff; font-size: 110%;\">1983<\/span><\/td>\r\n<td>\u00a0<\/td>\r\n<td colspan=\"2\"><span style=\"color: #0000ff; font-size: 110%;\">C\u1eed nh\u00e2n SP To\u00e1n h\u1ecdc<\/span><\/td>\r\n<td><span style=\"color: #0000ff; font-size: 110%;\">Gi\u00e1o vi\u00ean<\/span><\/td>\r\n<td><span style=\"color: #0000ff; font-size: 110%;\">0987255775<\/span><\/td>\r\n<\/tr>\r\n<tr>\r\n<td><span style=\"color: #0000ff; font-size: 110%;\">12<\/span><\/td>\r\n<td><span style=\"color: #0000ff; font-size: 110%;\">T\u00f4 T\u00f9ng Thanh<\/span><\/td>\r\n<td><span style=\"color: #0000ff; font-size: 110%;\">1989<\/span><\/td>\r\n<td>\u00a0<\/td>\r\n<td colspan=\"2\"><span style=\"color: #0000ff; font-size: 110%;\">Chuy\u00ean ng\u00e0nh kh\u00e1c<\/span><\/td>\r\n<td><span style=\"color: #0000ff; font-size: 110%;\">Gi\u00e1o vi\u00ean<\/span><\/td>\r\n<td><span style=\"color: #0000ff; font-size: 110%;\">0363132668<\/span><\/td>\r\n<\/tr>\r\n<tr>\r\n<td><span style=\"color: #0000ff; font-size: 110%;\">13<\/span><\/td>\r\n<td><span style=\"color: #0000ff; font-size: 110%;\">V\u0169 Tr\u1ecdng C\u01b0\u01a1ng<\/span><\/td>\r\n<td><span style=\"color: #0000ff; font-size: 110%;\">2000<\/span><\/td>\r\n<td>\u00a0<\/td>\r\n<td colspan=\"2\"><span style=\"color: #0000ff; font-size: 110%;\">C\u1eed nh\u00e2n SP To\u00e1n h\u1ecdc<\/span><\/td>\r\n<td><span style=\"color: #0000ff; font-size: 110%;\">Gi\u00e1o vi\u00ean<\/span><\/td>\r\n<td><span style=\"color: #0000ff; font-size: 110%;\">0342196530<\/span><\/td>\r\n<\/tr>\r\n<\/tbody>\r\n<\/table>\r\n","protected":false},"excerpt":{"rendered":"<p>DANH S\u00c1CH GI\u00c1O VI\u00caN T\u1ed4 TO\u00c1N &#8211; TIN STT H\u1ecc V\u00c0 T\u00caN N\u0102M SINH TR\u00ccNH \u0110\u1ed8 CHUY\u00caN M\u00d4N CH\u1ee8C V\u1ee4 S\u1ed0 \u0110I\u1ec6N THO\u1ea0I Nam N\u1eef 1 Th\u00e2n C\u00f4ng H\u00e0 1977 \u00a0 C\u1eed nh\u00e2n SP To\u00e1n h\u1ecdc TTCM 0947019288 2 V\u0169 Th\u1ecb Th\u01b0 \u00a0 1968 C\u1eed nh\u00e2n SP To\u00e1n h\u1ecdc TPCM 0367927698 3 Nguy\u1ec5n Th\u00e0nh Hi\u1ebfu&#8230;<\/p>\n","protected":false},"author":1,"featured_media":0,"parent":0,"menu_order":0,"comment_status":"closed","ping_status":"closed","template":"","meta":{"footnotes":""},"class_list":["post-3396","page","type-page","status-publish","hentry"],"_links":{"self":[{"href":"https:\/\/thptdamha.edu.vn\/index.php?rest_route=\/wp\/v2\/pages\/3396","targetHints":{"allow":["GET"]}}],"collection":[{"href":"https:\/\/thptdamha.edu.vn\/index.php?rest_route=\/wp\/v2\/pages"}],"about":[{"href":"https:\/\/thptdamha.edu.vn\/index.php?rest_route=\/wp\/v2\/types\/page"}],"author":[{"embeddable":true,"href":"https:\/\/thptdamha.edu.vn\/index.php?rest_route=\/wp\/v2\/users\/1"}],"replies":[{"embeddable":true,"href":"https:\/\/thptdamha.edu.vn\/index.php?rest_route=%2Fwp%2Fv2%2Fcomments&post=3396"}],"version-history":[{"count":4,"href":"https:\/\/thptdamha.edu.vn\/index.php?rest_route=\/wp\/v2\/pages\/3396\/revisions"}],"predecessor-version":[{"id":3640,"href":"https:\/\/thptdamha.edu.vn\/index.php?rest_route=\/wp\/v2\/pages\/3396\/revisions\/3640"}],"wp:attachment":[{"href":"https:\/\/thptdamha.edu.vn\/index.php?rest_route=%2Fwp%2Fv2%2Fmedia&parent=3396"}],"curies":[{"name":"wp","href":"https:\/\/api.w.org\/{rel}","templated":true}]}}