{"id":3398,"date":"2024-10-18T08:27:38","date_gmt":"2024-10-18T01:27:38","guid":{"rendered":"https:\/\/thptdamha.edu.vn\/?page_id=3398"},"modified":"2024-11-11T09:40:52","modified_gmt":"2024-11-11T02:40:52","slug":"to-ly-hoa","status":"publish","type":"page","link":"https:\/\/thptdamha.edu.vn\/?page_id=3398","title":{"rendered":"T\u1ed5 L\u00fd &#8211; H\u00f3a"},"content":{"rendered":"<table width=\"645\">\n<tbody>\n<tr>\n<td style=\"text-align: center;\" colspan=\"8\" width=\"645\"><span style=\"font-size: 130%;\"><strong><span style=\"color: #ff0000;\">DANH S\u00c1CH GI\u00c1O VI\u00caN T\u1ed4 L\u00dd &#8211; H\u00d3A<\/span><\/strong><\/span><\/td>\n<\/tr>\n<tr>\n<td style=\"text-align: center;\" rowspan=\"2\"><span style=\"font-size: 105%;\"><strong><span style=\"color: #ff6600;\">STT<\/span><\/strong><\/span><\/td>\n<td style=\"text-align: center;\" rowspan=\"2\"><span style=\"font-size: 105%;\"><strong><span style=\"color: #ff6600;\">H\u1ecc V\u00c0 T\u00caN<\/span><\/strong><\/span><\/td>\n<td style=\"text-align: center;\" colspan=\"2\"><span style=\"font-size: 105%;\"><strong><span style=\"color: #ff6600;\">N\u0102M SINH<\/span><\/strong><\/span><\/td>\n<td style=\"text-align: center;\" colspan=\"2\" rowspan=\"2\"><span style=\"font-size: 105%;\"><strong><span style=\"color: #ff6600;\">TR\u00ccNH \u0110\u1ed8 CHUY\u00caN M\u00d4N<\/span><\/strong><\/span><\/td>\n<td style=\"text-align: center;\" rowspan=\"2\"><span style=\"font-size: 105%;\"><strong><span style=\"color: #ff6600;\">CH\u1ee8C V\u1ee4<\/span><\/strong><\/span><\/td>\n<td style=\"text-align: center;\" rowspan=\"2\"><span style=\"font-size: 105%;\"><strong><span style=\"color: #ff6600;\">S\u1ed0 \u0110I\u1ec6N THO\u1ea0I<\/span><\/strong><\/span><\/td>\n<\/tr>\n<tr>\n<td style=\"text-align: center;\"><span style=\"font-size: 105%;\"><strong><span style=\"color: #ff6600;\">Nam<\/span><\/strong><\/span><\/td>\n<td style=\"text-align: center;\"><span style=\"font-size: 105%;\"><strong><span style=\"color: #ff6600;\">N\u1eef<\/span><\/strong><\/span><\/td>\n<\/tr>\n<tr>\n<td><span style=\"color: #0000ff;\">1<\/span><\/td>\n<td><span style=\"color: #0000ff;\">Ho\u00e0ng Th\u1ecb Th\u01b0\u01a1ng<\/span><\/td>\n<td><\/td>\n<td><span style=\"color: #0000ff;\">1972<\/span><\/td>\n<td colspan=\"2\"><span style=\"color: #0000ff;\">C\u1eed nh\u00e2n SP V\u1eadt l\u00fd<\/span><\/td>\n<td><span style=\"color: #0000ff;\">TTCM<\/span><\/td>\n<td><span style=\"color: #0000ff;\">0977454199<\/span><\/td>\n<\/tr>\n<tr>\n<td><span style=\"color: #0000ff;\">2<\/span><\/td>\n<td><span style=\"color: #0000ff;\">\u0110\u1eb7ng Minh H\u01b0\u01a1ng<\/span><\/td>\n<td><\/td>\n<td><span style=\"color: #0000ff;\">1968<\/span><\/td>\n<td colspan=\"2\"><span style=\"color: #0000ff;\">C\u1eed nh\u00e2n SP H\u00f3a h\u1ecdc<\/span><\/td>\n<td><span style=\"color: #0000ff;\">TPCM<\/span><\/td>\n<td><span style=\"color: #0000ff;\">0948290433<\/span><\/td>\n<\/tr>\n<tr>\n<td><span style=\"color: #0000ff;\">3<\/span><\/td>\n<td><span style=\"color: #0000ff;\">Ph\u1ea1m Th\u1ecb H\u1ea1nh<\/span><\/td>\n<td><\/td>\n<td><span style=\"color: #0000ff;\">1982<\/span><\/td>\n<td colspan=\"2\"><span style=\"color: #0000ff;\">C\u1eed nh\u00e2n SP H\u00f3a h\u1ecdc<\/span><\/td>\n<td><span style=\"color: #0000ff;\">Gi\u00e1o vi\u00ean<\/span><\/td>\n<td><span style=\"color: #0000ff;\">0946935968<\/span><\/td>\n<\/tr>\n<tr>\n<td><span style=\"color: #0000ff;\">4<\/span><\/td>\n<td><span style=\"color: #0000ff;\">\u0110\u1ed7 Xu\u00e2n L\u1ed9c<\/span><\/td>\n<td><span style=\"color: #0000ff;\">1983<\/span><\/td>\n<td><\/td>\n<td colspan=\"2\"><span style=\"color: #0000ff;\">Th\u1ea1c s\u0129 H\u00f3a h\u1ecdc<\/span><\/td>\n<td><span style=\"color: #0000ff;\">Gi\u00e1o vi\u00ean<\/span><\/td>\n<td><span style=\"color: #0000ff;\">0987551488<\/span><\/td>\n<\/tr>\n<tr>\n<td><span style=\"color: #0000ff;\">5<\/span><\/td>\n<td><span style=\"color: #0000ff;\">\u0110\u1eb7ng Thu Hi\u1ec1n<\/span><\/td>\n<td><\/td>\n<td><span style=\"color: #0000ff;\">1988<\/span><\/td>\n<td colspan=\"2\"><span style=\"color: #0000ff;\">Th\u1ea1c s\u0129 H\u00f3a h\u1ecdc<\/span><\/td>\n<td><span style=\"color: #0000ff;\">Gi\u00e1o vi\u00ean<\/span><\/td>\n<td><span style=\"color: #0000ff;\">0974236567<\/span><\/td>\n<\/tr>\n<tr>\n<td><span style=\"color: #0000ff;\">6<\/span><\/td>\n<td><span style=\"color: #0000ff;\">L\u1ea1c Ng\u1ecdc H\u1eefu<\/span><\/td>\n<td><span style=\"color: #0000ff;\">1983<\/span><\/td>\n<td><\/td>\n<td colspan=\"2\"><span style=\"color: #0000ff;\">C\u1eed nh\u00e2n SP V\u1eadt l\u00fd<\/span><\/td>\n<td><span style=\"color: #0000ff;\">Gi\u00e1o vi\u00ean<\/span><\/td>\n<td><span style=\"color: #0000ff;\">0374687485<\/span><\/td>\n<\/tr>\n<tr>\n<td><span style=\"color: #0000ff;\">7<\/span><\/td>\n<td><span style=\"color: #0000ff;\">Ho\u00e0ng Th\u1ecb Ki\u00ean<\/span><\/td>\n<td><\/td>\n<td><span style=\"color: #0000ff;\">1989<\/span><\/td>\n<td colspan=\"2\"><span style=\"color: #0000ff;\">C\u1eed nh\u00e2n SP V\u1eadt l\u00fd<\/span><\/td>\n<td><span style=\"color: #0000ff;\">Gi\u00e1o vi\u00ean<\/span><\/td>\n<td><span style=\"color: #0000ff;\">0356922322<\/span><\/td>\n<\/tr>\n<tr>\n<td><span style=\"color: #0000ff;\">8<\/span><\/td>\n<td><span style=\"color: #0000ff;\">T\u00f4 Th\u1ecb T\u1ea1i<\/span><\/td>\n<td><\/td>\n<td><span style=\"color: #0000ff;\">1986<\/span><\/td>\n<td colspan=\"2\"><span style=\"color: #0000ff;\">C\u1eed nh\u00e2n SP V\u1eadt l\u00fd<\/span><\/td>\n<td><span style=\"color: #0000ff;\">Gi\u00e1o vi\u00ean<\/span><\/td>\n<td><span style=\"color: #0000ff;\">0386683685<\/span><\/td>\n<\/tr>\n<tr>\n<td><span style=\"color: #0000ff;\">9<\/span><\/td>\n<td><span style=\"color: #0000ff;\">Ph\u1ea1m Khoa Tr\u01b0\u1eddng<\/span><\/td>\n<td><span style=\"color: #0000ff;\">1983<\/span><\/td>\n<td><\/td>\n<td colspan=\"2\"><span style=\"color: #0000ff;\">C\u1eed nh\u00e2n SP V\u1eadt l\u00fd<\/span><\/td>\n<td><span style=\"color: #0000ff;\">Gi\u00e1o vi\u00ean<\/span><\/td>\n<td><span style=\"color: #0000ff;\">0388107997<\/span><\/td>\n<\/tr>\n<\/tbody>\n<\/table>\n","protected":false},"excerpt":{"rendered":"<p>DANH S\u00c1CH GI\u00c1O VI\u00caN T\u1ed4 L\u00dd &#8211; H\u00d3A STT H\u1ecc V\u00c0 T\u00caN N\u0102M SINH TR\u00ccNH \u0110\u1ed8 CHUY\u00caN M\u00d4N CH\u1ee8C V\u1ee4 S\u1ed0 \u0110I\u1ec6N THO\u1ea0I Nam N\u1eef 1 Ho\u00e0ng Th\u1ecb Th\u01b0\u01a1ng 1972 C\u1eed nh\u00e2n SP V\u1eadt l\u00fd TTCM 0977454199 2 \u0110\u1eb7ng Minh H\u01b0\u01a1ng 1968 C\u1eed nh\u00e2n SP H\u00f3a h\u1ecdc TPCM 0948290433 3 Ph\u1ea1m Th\u1ecb H\u1ea1nh 1982 C\u1eed&#8230;<\/p>\n","protected":false},"author":1,"featured_media":0,"parent":0,"menu_order":0,"comment_status":"closed","ping_status":"closed","template":"","meta":{"footnotes":""},"class_list":["post-3398","page","type-page","status-publish","hentry"],"_links":{"self":[{"href":"https:\/\/thptdamha.edu.vn\/index.php?rest_route=\/wp\/v2\/pages\/3398","targetHints":{"allow":["GET"]}}],"collection":[{"href":"https:\/\/thptdamha.edu.vn\/index.php?rest_route=\/wp\/v2\/pages"}],"about":[{"href":"https:\/\/thptdamha.edu.vn\/index.php?rest_route=\/wp\/v2\/types\/page"}],"author":[{"embeddable":true,"href":"https:\/\/thptdamha.edu.vn\/index.php?rest_route=\/wp\/v2\/users\/1"}],"replies":[{"embeddable":true,"href":"https:\/\/thptdamha.edu.vn\/index.php?rest_route=%2Fwp%2Fv2%2Fcomments&post=3398"}],"version-history":[{"count":5,"href":"https:\/\/thptdamha.edu.vn\/index.php?rest_route=\/wp\/v2\/pages\/3398\/revisions"}],"predecessor-version":[{"id":4026,"href":"https:\/\/thptdamha.edu.vn\/index.php?rest_route=\/wp\/v2\/pages\/3398\/revisions\/4026"}],"wp:attachment":[{"href":"https:\/\/thptdamha.edu.vn\/index.php?rest_route=%2Fwp%2Fv2%2Fmedia&parent=3398"}],"curies":[{"name":"wp","href":"https:\/\/api.w.org\/{rel}","templated":true}]}}