{"id":3400,"date":"2024-10-18T08:27:54","date_gmt":"2024-10-18T01:27:54","guid":{"rendered":"https:\/\/thptdamha.edu.vn\/?page_id=3400"},"modified":"2024-11-11T21:54:03","modified_gmt":"2024-11-11T14:54:03","slug":"to-van-su-nn-gdktpl","status":"publish","type":"page","link":"https:\/\/thptdamha.edu.vn\/?page_id=3400","title":{"rendered":"T\u1ed5 V\u0103n \u2013 S\u1eed &#8211; NN \u2013 GDKT&amp;PL"},"content":{"rendered":"<table width=\"682\">\n<tbody>\n<tr>\n<td style=\"text-align: center;\" colspan=\"7\" width=\"682\"><span style=\"font-size: 120%; color: #ff0000;\"><strong>DANH S\u00c1CH GI\u00c1O VI\u00caN T\u1ed4 V\u0102N &#8211; S\u1eec &#8211; NN &#8211; GDKT&amp;PL<\/strong><\/span><\/td>\n<\/tr>\n<tr>\n<td style=\"text-align: center;\" rowspan=\"2\"><span style=\"color: #800080; font-size: 110%;\"><strong>STT<\/strong><\/span><\/td>\n<td style=\"text-align: center;\" rowspan=\"2\"><span style=\"color: #800080; font-size: 110%;\"><strong>H\u1ecc V\u00c0 T\u00caN<\/strong><\/span><\/td>\n<td style=\"text-align: center;\" colspan=\"2\"><span style=\"color: #800080; font-size: 110%;\"><strong>N\u0102M SINH<\/strong><\/span><\/td>\n<td style=\"text-align: center;\" rowspan=\"2\"><span style=\"color: #800080; font-size: 110%;\"><strong>TR\u00ccNH \u0110\u1ed8 CHUY\u00caN M\u00d4N<\/strong><\/span><\/td>\n<td style=\"text-align: center;\" rowspan=\"2\"><span style=\"color: #800080; font-size: 110%;\"><strong>CH\u1ee8C V\u1ee4<\/strong><\/span><\/td>\n<td style=\"text-align: center;\" rowspan=\"2\"><span style=\"color: #800080; font-size: 110%;\"><strong>S\u1ed0 \u0110I\u1ec6N THO\u1ea0I<\/strong><\/span><\/td>\n<\/tr>\n<tr>\n<td style=\"text-align: center;\"><span style=\"color: #800080; font-size: 110%;\"><strong>NAM<\/strong><\/span><\/td>\n<td style=\"text-align: center;\"><span style=\"color: #800080; font-size: 110%;\"><strong>N\u1eee<\/strong><\/span><\/td>\n<\/tr>\n<tr>\n<td><span style=\"color: #3366ff;\">1<\/span><\/td>\n<td><span style=\"color: #3366ff;\">Tri\u1ec7u Minh Nguy\u1ec7t<\/span><\/td>\n<td>\u00a0<\/td>\n<td><span style=\"color: #3366ff;\">1980<\/span><\/td>\n<td><span style=\"color: #3366ff;\">C\u1eed nh\u00e2n SP Ti\u1ebfng Anh<\/span><\/td>\n<td><span style=\"color: #3366ff;\">TTCM<\/span><\/td>\n<td><span style=\"color: #3366ff;\">0936271280<\/span><\/td>\n<\/tr>\n<tr>\n<td><span style=\"color: #3366ff;\">2<\/span><\/td>\n<td><span style=\"color: #3366ff;\">Tr\u1ea7n Th\u1ecb L\u00fd<\/span><\/td>\n<td>\u00a0<\/td>\n<td><span style=\"color: #3366ff;\">1986<\/span><\/td>\n<td><span style=\"color: #3366ff;\">C\u1eed nh\u00e2n SP Ng\u1eef v\u0103n<\/span><\/td>\n<td><span style=\"color: #3366ff;\">TPCM<\/span><\/td>\n<td><span style=\"color: #3366ff;\">0977682569<\/span><\/td>\n<\/tr>\n<tr>\n<td><span style=\"color: #3366ff;\">3<\/span><\/td>\n<td><span style=\"color: #3366ff;\">Nguy\u1ec5n Th\u1ecb Anh<\/span><\/td>\n<td>\u00a0<\/td>\n<td><span style=\"color: #3366ff;\">1983<\/span><\/td>\n<td><span style=\"color: #3366ff;\">C\u1eed nh\u00e2n SP Ng\u1eef v\u0103n<\/span><\/td>\n<td><span style=\"color: #3366ff;\">Gi\u00e1o vi\u00ean<\/span><\/td>\n<td><span style=\"color: #3366ff;\">0911285978<\/span><\/td>\n<\/tr>\n<tr>\n<td><span style=\"color: #3366ff;\">4<\/span><\/td>\n<td><span style=\"color: #3366ff;\">Nguy\u1ec5n Th\u1ecb Chi\u00ean<\/span><\/td>\n<td>\u00a0<\/td>\n<td><span style=\"color: #3366ff;\">1987<\/span><\/td>\n<td><span style=\"color: #3366ff;\">C\u1eed nh\u00e2n SP Ng\u1eef v\u0103n<\/span><\/td>\n<td><span style=\"color: #3366ff;\">Gi\u00e1o vi\u00ean<\/span><\/td>\n<td><span style=\"color: #3366ff;\">0785152888<\/span><\/td>\n<\/tr>\n<tr>\n<td><span style=\"color: #3366ff;\">5<\/span><\/td>\n<td><span style=\"color: #3366ff;\">Nguy\u1ec5n Th\u1ecb Thu H\u00e0<\/span><\/td>\n<td>\u00a0<\/td>\n<td><span style=\"color: #3366ff;\">1968<\/span><\/td>\n<td><span style=\"color: #3366ff;\">C\u1eed nh\u00e2n SP Ng\u1eef v\u0103n<\/span><\/td>\n<td><span style=\"color: #3366ff;\">Gi\u00e1o vi\u00ean<\/span><\/td>\n<td><span style=\"color: #3366ff;\">0382214112<\/span><\/td>\n<\/tr>\n<tr>\n<td><span style=\"color: #3366ff;\">6<\/span><\/td>\n<td><span style=\"color: #3366ff;\">Ho\u00e0ng B\u00edch Ho\u00e0n<\/span><\/td>\n<td>\u00a0<\/td>\n<td><span style=\"color: #3366ff;\">1973<\/span><\/td>\n<td><span style=\"color: #3366ff;\">C\u1eed nh\u00e2n Gi\u00e1o d\u1ee5c Ch\u00ednh tr\u1ecb<\/span><\/td>\n<td><span style=\"color: #3366ff;\">Gi\u00e1o vi\u00ean<\/span><\/td>\n<td><span style=\"color: #3366ff;\">0983195309<\/span><\/td>\n<\/tr>\n<tr>\n<td><span style=\"color: #3366ff;\">7<\/span><\/td>\n<td><span style=\"color: #3366ff;\">S\u1ebbn V\u0103n L\u1ef7<\/span><\/td>\n<td><span style=\"color: #3366ff;\">1980<\/span><\/td>\n<td>\u00a0<\/td>\n<td><span style=\"color: #3366ff;\">C\u1eed nh\u00e2n SP L\u1ecbch s\u1eed<\/span><\/td>\n<td><span style=\"color: #3366ff;\">Gi\u00e1o vi\u00ean<\/span><\/td>\n<td><span style=\"color: #3366ff;\">0978002656<\/span><\/td>\n<\/tr>\n<tr>\n<td><span style=\"color: #3366ff;\">8<\/span><\/td>\n<td><span style=\"color: #3366ff;\">Ph\u1ea1m Th\u1ecb N\u1ee5<\/span><\/td>\n<td>\u00a0<\/td>\n<td><span style=\"color: #3366ff;\">1983<\/span><\/td>\n<td><span style=\"color: #3366ff;\">C\u1eed nh\u00e2n SP L\u1ecbch s\u1eed<\/span><\/td>\n<td><span style=\"color: #3366ff;\">Gi\u00e1o vi\u00ean<\/span><\/td>\n<td><span style=\"color: #3366ff;\">0986618262<\/span><\/td>\n<\/tr>\n<tr>\n<td><span style=\"color: #3366ff;\">9<\/span><\/td>\n<td><span style=\"color: #3366ff;\">B\u00f9i Th\u1ecb Ng\u00e2n<\/span><\/td>\n<td>\u00a0<\/td>\n<td><span style=\"color: #3366ff;\">1987<\/span><\/td>\n<td><span style=\"color: #3366ff;\">C\u1eed nh\u00e2n SP Ng\u1eef v\u0103n<\/span><\/td>\n<td><span style=\"color: #3366ff;\">Gi\u00e1o vi\u00ean<\/span><\/td>\n<td><span style=\"color: #3366ff;\">0978453872<\/span><\/td>\n<\/tr>\n<tr>\n<td><span style=\"color: #3366ff;\">10<\/span><\/td>\n<td><span style=\"color: #3366ff;\">Gi\u00e1p Th\u1ecb Thu Ph\u01b0\u01a1ng<\/span><\/td>\n<td>\u00a0<\/td>\n<td><span style=\"color: #3366ff;\">1979<\/span><\/td>\n<td><span style=\"color: #3366ff;\">C\u1eed nh\u00e2n SP Ti\u1ebfng Anh<\/span><\/td>\n<td><span style=\"color: #3366ff;\">Gi\u00e1o vi\u00ean<\/span><\/td>\n<td><span style=\"color: #3366ff;\">0911206504<\/span><\/td>\n<\/tr>\n<tr>\n<td><span style=\"color: #3366ff;\">11<\/span><\/td>\n<td><span style=\"color: #3366ff;\">Phan H\u00f9ng Tuy\u00ean<\/span><\/td>\n<td><span style=\"color: #3366ff;\">1986<\/span><\/td>\n<td>\u00a0<\/td>\n<td><span style=\"color: #3366ff;\">C\u1eed nh\u00e2n SP Ng\u1eef v\u0103n<\/span><\/td>\n<td><span style=\"color: #3366ff;\">Gi\u00e1o vi\u00ean<\/span><\/td>\n<td><span style=\"color: #3366ff;\">0838700988<\/span><\/td>\n<\/tr>\n<tr>\n<td><span style=\"color: #3366ff;\">12<\/span><\/td>\n<td><span style=\"color: #3366ff;\">\u0110inh Ho\u00e0i Th\u01b0\u01a1ng<\/span><\/td>\n<td>\u00a0<\/td>\n<td><span style=\"color: #3366ff;\">2000<\/span><\/td>\n<td><span style=\"color: #3366ff;\">C\u1eed nh\u00e2n SP Ti\u1ebfng Anh<\/span><\/td>\n<td><span style=\"color: #3366ff;\">Gi\u00e1o vi\u00ean<\/span><\/td>\n<td><span style=\"color: #3366ff;\">0934321846<\/span><\/td>\n<\/tr>\n<tr>\n<td><span style=\"color: #3366ff;\">13<\/span><\/td>\n<td><span style=\"color: #3366ff;\">L\u01b0\u01a1ng Th\u1ecb Thanh Tuy\u1ebft<\/span><\/td>\n<td>\u00a0<\/td>\n<td><span style=\"color: #3366ff;\">2001<\/span><\/td>\n<td><span style=\"color: #3366ff;\">C\u1eed nh\u00e2n SP Ng\u1eef v\u0103n<\/span><\/td>\n<td><span style=\"color: #3366ff;\">Gi\u00e1o vi\u00ean<\/span><\/td>\n<td><span style=\"color: #3366ff;\">0359112133<\/span><\/td>\n<\/tr>\n<tr>\n<td><span style=\"color: #3366ff;\">14<\/span><\/td>\n<td><span style=\"color: #3366ff;\">Nguy\u1ec5n Minh Tri\u1ec3n<\/span><\/td>\n<td><span style=\"color: #3366ff;\">1980<\/span><\/td>\n<td>\u00a0<\/td>\n<td><span style=\"color: #3366ff;\">C\u1eed nh\u00e2n SP Ti\u1ebfng Anh<\/span><\/td>\n<td><span style=\"color: #3366ff;\">Gi\u00e1o vi\u00ean<\/span><\/td>\n<td><span style=\"color: #3366ff;\">0976062230<\/span><\/td>\n<\/tr>\n<tr>\n<td><span style=\"color: #3366ff;\">15<\/span><\/td>\n<td><span style=\"color: #3366ff;\">\u0110\u1eb7ng Th\u1ecb Trinh<\/span><\/td>\n<td>\u00a0<\/td>\n<td><span style=\"color: #3366ff;\">1987<\/span><\/td>\n<td><span style=\"color: #3366ff;\">C\u1eed nh\u00e2n SP Ti\u1ebfng Anh<\/span><\/td>\n<td><span style=\"color: #3366ff;\">Gi\u00e1o vi\u00ean<\/span><\/td>\n<td><span style=\"color: #3366ff;\">0974008258<\/span><\/td>\n<\/tr>\n<tr>\n<td><span style=\"color: #3366ff;\">16<\/span><\/td>\n<td><span style=\"color: #3366ff;\">V\u0169 Ng\u1ecdc Xuy\u1ebfn<\/span><\/td>\n<td>\u00a0<\/td>\n<td><span style=\"color: #3366ff;\">1988<\/span><\/td>\n<td><span style=\"color: #3366ff;\">C\u1eed nh\u00e2n SP Ng\u1eef v\u0103n<\/span><\/td>\n<td><span style=\"color: #3366ff;\">Gi\u00e1o vi\u00ean<\/span><\/td>\n<td><span style=\"color: #3366ff;\">0978428133<\/span><\/td>\n<\/tr>\n<\/tbody>\n<\/table>\n","protected":false},"excerpt":{"rendered":"<p>DANH S\u00c1CH GI\u00c1O VI\u00caN T\u1ed4 V\u0102N &#8211; S\u1eec &#8211; NN &#8211; GDKT&amp;PL STT H\u1ecc V\u00c0 T\u00caN N\u0102M SINH TR\u00ccNH \u0110\u1ed8 CHUY\u00caN M\u00d4N CH\u1ee8C V\u1ee4 S\u1ed0 \u0110I\u1ec6N THO\u1ea0I NAM N\u1eee 1 Tri\u1ec7u Minh Nguy\u1ec7t \u00a0 1980 C\u1eed nh\u00e2n SP Ti\u1ebfng Anh TTCM 0936271280 2 Tr\u1ea7n Th\u1ecb L\u00fd \u00a0 1986 C\u1eed nh\u00e2n SP Ng\u1eef v\u0103n TPCM 0977682569&#8230;<\/p>\n","protected":false},"author":1,"featured_media":0,"parent":0,"menu_order":0,"comment_status":"closed","ping_status":"closed","template":"","meta":{"footnotes":""},"class_list":["post-3400","page","type-page","status-publish","hentry"],"_links":{"self":[{"href":"https:\/\/thptdamha.edu.vn\/index.php?rest_route=\/wp\/v2\/pages\/3400","targetHints":{"allow":["GET"]}}],"collection":[{"href":"https:\/\/thptdamha.edu.vn\/index.php?rest_route=\/wp\/v2\/pages"}],"about":[{"href":"https:\/\/thptdamha.edu.vn\/index.php?rest_route=\/wp\/v2\/types\/page"}],"author":[{"embeddable":true,"href":"https:\/\/thptdamha.edu.vn\/index.php?rest_route=\/wp\/v2\/users\/1"}],"replies":[{"embeddable":true,"href":"https:\/\/thptdamha.edu.vn\/index.php?rest_route=%2Fwp%2Fv2%2Fcomments&post=3400"}],"version-history":[{"count":3,"href":"https:\/\/thptdamha.edu.vn\/index.php?rest_route=\/wp\/v2\/pages\/3400\/revisions"}],"predecessor-version":[{"id":4080,"href":"https:\/\/thptdamha.edu.vn\/index.php?rest_route=\/wp\/v2\/pages\/3400\/revisions\/4080"}],"wp:attachment":[{"href":"https:\/\/thptdamha.edu.vn\/index.php?rest_route=%2Fwp%2Fv2%2Fmedia&parent=3400"}],"curies":[{"name":"wp","href":"https:\/\/api.w.org\/{rel}","templated":true}]}}