{"id":3402,"date":"2024-10-18T08:28:07","date_gmt":"2024-10-18T01:28:07","guid":{"rendered":"https:\/\/thptdamha.edu.vn\/?page_id=3402"},"modified":"2024-11-12T10:57:17","modified_gmt":"2024-11-12T03:57:17","slug":"to-sinh-dia-gdtc","status":"publish","type":"page","link":"https:\/\/thptdamha.edu.vn\/?page_id=3402","title":{"rendered":"T\u1ed5 Sinh \u2013 \u0110\u1ecba \u2013 GDTC"},"content":{"rendered":"<table width=\"676\">\r\n<tbody>\r\n<tr>\r\n<td style=\"text-align: center;\" colspan=\"8\" width=\"676\"><span style=\"font-size: 120%; color: #ff0000;\"><strong>DANH S\u00c1CH GI\u00c1O VI\u00caN T\u1ed4 SINH &#8211; \u0110\u1ecaA &#8211; GDTC &#8211; GDQP<\/strong><\/span><\/td>\r\n<\/tr>\r\n<tr>\r\n<td style=\"text-align: center;\" rowspan=\"2\"><span style=\"font-size: 110%; color: #00a859;\"><strong>STT<\/strong><\/span><\/td>\r\n<td style=\"text-align: center;\" rowspan=\"2\"><span style=\"font-size: 110%; color: #00a859;\"><strong>H\u1ecc V\u00c0 T\u00caN<\/strong><\/span><\/td>\r\n<td style=\"text-align: center;\" colspan=\"2\"><span style=\"font-size: 110%; color: #00a859;\"><strong>N\u0102M SINH<\/strong><\/span><\/td>\r\n<td style=\"text-align: center;\" colspan=\"2\" rowspan=\"2\"><span style=\"font-size: 110%; color: #00a859;\"><strong>TR\u00ccNH \u0110\u1ed8 CHUY\u00caN M\u00d4N<\/strong><\/span><\/td>\r\n<td style=\"text-align: center;\" rowspan=\"2\"><span style=\"font-size: 110%; color: #00a859;\"><strong>CH\u1ee8C V\u1ee4<\/strong><\/span><\/td>\r\n<td style=\"text-align: center;\" rowspan=\"2\"><span style=\"font-size: 110%; color: #00a859;\"><strong>S\u1ed0 \u0110I\u1ec6N THO\u1ea0I<\/strong><\/span><\/td>\r\n<\/tr>\r\n<tr>\r\n<td style=\"text-align: center;\"><span style=\"font-size: 110%; color: #00a859;\"><strong>Nam<\/strong><\/span><\/td>\r\n<td style=\"text-align: center;\"><span style=\"font-size: 110%; color: #00a859;\"><strong>N\u1eef<\/strong><\/span><\/td>\r\n<\/tr>\r\n<tr>\r\n<td><span style=\"font-size: 105%; color: #ff9900;\">1<\/span><\/td>\r\n<td><span style=\"font-size: 105%; color: #ff9900;\">Nguy\u1ec5n Thanh Th\u1ea3o<\/span><\/td>\r\n<td>\u00a0<\/td>\r\n<td><span style=\"font-size: 105%; color: #ff9900;\">1986<\/span><\/td>\r\n<td colspan=\"2\"><span style=\"font-size: 105%; color: #ff9900;\">C\u1eed nh\u00e2n SP Sinh h\u1ecdc<\/span><\/td>\r\n<td><span style=\"font-size: 105%; color: #ff9900;\">TTCM<\/span><\/td>\r\n<td><span style=\"font-size: 105%; color: #ff9900;\">0848130363<\/span><\/td>\r\n<\/tr>\r\n<tr>\r\n<td><span style=\"font-size: 105%; color: #ff9900;\">2<\/span><\/td>\r\n<td><span style=\"font-size: 105%; color: #ff9900;\">V\u00f5 Th\u1ecb Ng\u00e2n<\/span><\/td>\r\n<td>\u00a0<\/td>\r\n<td><span style=\"font-size: 105%; color: #ff9900;\">1968<\/span><\/td>\r\n<td colspan=\"2\"><span style=\"font-size: 105%; color: #ff9900;\">C\u1eed nh\u00e2n SP \u0110\u1ecba l\u00ed<\/span><\/td>\r\n<td><span style=\"font-size: 105%; color: #ff9900;\">TPCM<\/span><\/td>\r\n<td><span style=\"font-size: 105%; color: #ff9900;\">0986549153<\/span><\/td>\r\n<\/tr>\r\n<tr>\r\n<td><span style=\"font-size: 105%; color: #ff9900;\">3<\/span><\/td>\r\n<td><span style=\"font-size: 105%; color: #ff9900;\">V\u0169 M\u1ea1nh C\u01b0\u1eddng<\/span><\/td>\r\n<td><span style=\"font-size: 105%; color: #ff9900;\">1981<\/span><\/td>\r\n<td>\u00a0<\/td>\r\n<td colspan=\"2\">\r\n<p><span style=\"font-size: 105%; color: #ff9900;\">C\u1eed nh\u00e2n SP \u0110\u1ecba l\u00ed, <\/span><\/p>\r\n<p><span style=\"font-size: 105%; color: #ff9900;\">Th\u1ea1c s\u0129 QLGD<\/span><\/p>\r\n<\/td>\r\n<td><span style=\"font-size: 105%; color: #ff9900;\">HT<\/span><\/td>\r\n<td><span style=\"font-size: 105%; color: #ff9900;\"><a style=\"color: #ff9900;\" href=\"tel:0915909224\">0914667815<\/a><\/span><\/td>\r\n<\/tr>\r\n<tr>\r\n<td><span style=\"font-size: 105%; color: #ff9900;\">4<\/span><\/td>\r\n<td><span style=\"font-size: 105%; color: #ff9900;\">Ho\u00e0ng Th\u1ecb B\u00edch H\u01b0\u1eddng<\/span><\/td>\r\n<td>\u00a0<\/td>\r\n<td><span style=\"font-size: 105%; color: #ff9900;\">1971<\/span><\/td>\r\n<td colspan=\"2\"><span style=\"font-size: 105%; color: #ff9900;\">C\u1eed nh\u00e2n SP Sinh h\u1ecdc<\/span><\/td>\r\n<td><span style=\"font-size: 105%; color: #ff9900;\">PHT<\/span><\/td>\r\n<td><span style=\"font-size: 105%; color: #ff9900;\">0912530819<\/span><\/td>\r\n<\/tr>\r\n<tr>\r\n<td><span style=\"font-size: 105%; color: #ff9900;\">5<\/span><\/td>\r\n<td><span style=\"font-size: 105%; color: #ff9900;\">Nguy\u1ec5n Ti\u1ebfn B\u1ea3y<\/span><\/td>\r\n<td><span style=\"font-size: 105%; color: #ff9900;\">1977<\/span><\/td>\r\n<td>\u00a0<\/td>\r\n<td colspan=\"2\"><span style=\"font-size: 105%; color: #ff9900;\">C\u1eed nh\u00e2n SP Th\u1ec3 ch\u1ea5t<\/span><\/td>\r\n<td><span style=\"font-size: 105%; color: #ff9900;\">Gi\u00e1o vi\u00ean<\/span><\/td>\r\n<td><span style=\"font-size: 105%; color: #ff9900;\">0368050458<\/span><\/td>\r\n<\/tr>\r\n<tr>\r\n<td><span style=\"font-size: 105%; color: #ff9900;\">6<\/span><\/td>\r\n<td><span style=\"font-size: 105%; color: #ff9900;\">Vi Th\u1ecb H\u00e0<\/span><\/td>\r\n<td>\u00a0<\/td>\r\n<td><span style=\"font-size: 105%; color: #ff9900;\">1977<\/span><\/td>\r\n<td colspan=\"2\"><span style=\"font-size: 105%; color: #ff9900;\">C\u1eed nh\u00e2n SP Sinh h\u1ecdc<\/span><\/td>\r\n<td><span style=\"font-size: 105%; color: #ff9900;\">Gi\u00e1o vi\u00ean<\/span><\/td>\r\n<td><span style=\"font-size: 105%; color: #ff9900;\">0986772670<\/span><\/td>\r\n<\/tr>\r\n<tr>\r\n<td><span style=\"font-size: 105%; color: #ff9900;\">7<\/span><\/td>\r\n<td><span style=\"font-size: 105%; color: #ff9900;\">B\u1ebf Th\u1ecb Khoa<\/span><\/td>\r\n<td>\u00a0<\/td>\r\n<td><span style=\"font-size: 105%; color: #ff9900;\">1979<\/span><\/td>\r\n<td colspan=\"2\"><span style=\"font-size: 105%; color: #ff9900;\">C\u1eed nh\u00e2n SP \u0110\u1ecba l\u00ed<\/span><\/td>\r\n<td><span style=\"font-size: 105%; color: #ff9900;\">Gi\u00e1o vi\u00ean<\/span><\/td>\r\n<td><span style=\"font-size: 105%; color: #ff9900;\">0355980879<\/span><\/td>\r\n<\/tr>\r\n<tr>\r\n<td><span style=\"font-size: 105%; color: #ff9900;\">8<\/span><\/td>\r\n<td><span style=\"font-size: 105%; color: #ff9900;\">Ph\u1ea1m Th\u1ecb Ngo\u00e3n<\/span><\/td>\r\n<td>\u00a0<\/td>\r\n<td><span style=\"font-size: 105%; color: #ff9900;\">1989<\/span><\/td>\r\n<td colspan=\"2\"><span style=\"font-size: 105%; color: #ff9900;\">C\u1eed nh\u00e2n SP \u0110\u1ecba l\u00ed<\/span><\/td>\r\n<td><span style=\"font-size: 105%; color: #ff9900;\">Gi\u00e1o vi\u00ean<\/span><\/td>\r\n<td><span style=\"font-size: 105%; color: #ff9900;\">0367377190<\/span><\/td>\r\n<\/tr>\r\n<tr>\r\n<td><span style=\"font-size: 105%; color: #ff9900;\">9<\/span><\/td>\r\n<td><span style=\"font-size: 105%; color: #ff9900;\">Tr\u1ea7n Th\u1ecb Th\u01b0<\/span><\/td>\r\n<td>\u00a0<\/td>\r\n<td><span style=\"font-size: 105%; color: #ff9900;\">1986<\/span><\/td>\r\n<td colspan=\"2\"><span style=\"font-size: 105%; color: #ff9900;\">C\u1eed nh\u00e2n SP Th\u1ec3 ch\u1ea5t<\/span><\/td>\r\n<td><span style=\"font-size: 105%; color: #ff9900;\">Gi\u00e1o vi\u00ean<\/span><\/td>\r\n<td><span style=\"font-size: 105%; color: #ff9900;\">0378505211<\/span><\/td>\r\n<\/tr>\r\n<tr>\r\n<td><span style=\"font-size: 105%; color: #ff9900;\">10<\/span><\/td>\r\n<td><span style=\"font-size: 105%; color: #ff9900;\">Ho\u00e0ng Th\u1ecb Trang<\/span><\/td>\r\n<td>\u00a0<\/td>\r\n<td><span style=\"font-size: 105%; color: #ff9900;\">1991<\/span><\/td>\r\n<td colspan=\"2\"><span style=\"font-size: 105%; color: #ff9900;\">C\u1eed nh\u00e2n SP Sinh h\u1ecdc<\/span><\/td>\r\n<td><span style=\"font-size: 105%; color: #ff9900;\">Gi\u00e1o vi\u00ean<\/span><\/td>\r\n<td><span style=\"font-size: 105%; color: #ff9900;\">0399898826<\/span><\/td>\r\n<\/tr>\r\n<tr>\r\n<td><span style=\"font-size: 105%; color: #ff9900;\">11<\/span><\/td>\r\n<td><span style=\"font-size: 105%; color: #ff9900;\">L\u00ea Thanh Truy\u1ec7n<\/span><\/td>\r\n<td><span style=\"font-size: 105%; color: #ff9900;\">1987<\/span><\/td>\r\n<td>\u00a0<\/td>\r\n<td colspan=\"2\"><span style=\"font-size: 105%; color: #ff9900;\">C\u1eed nh\u00e2n SP Th\u1ec3 ch\u1ea5t<\/span><\/td>\r\n<td><span style=\"font-size: 105%; color: #ff9900;\">Gi\u00e1o vi\u00ean<\/span><\/td>\r\n<td><span style=\"font-size: 105%; color: #ff9900;\">0915345759<\/span><\/td>\r\n<\/tr>\r\n<\/tbody>\r\n<\/table>\r\n","protected":false},"excerpt":{"rendered":"<p>DANH S\u00c1CH GI\u00c1O VI\u00caN T\u1ed4 SINH &#8211; \u0110\u1ecaA &#8211; GDTC &#8211; GDQP STT H\u1ecc V\u00c0 T\u00caN N\u0102M SINH TR\u00ccNH \u0110\u1ed8 CHUY\u00caN M\u00d4N CH\u1ee8C V\u1ee4 S\u1ed0 \u0110I\u1ec6N THO\u1ea0I Nam N\u1eef 1 Nguy\u1ec5n Thanh Th\u1ea3o \u00a0 1986 C\u1eed nh\u00e2n SP Sinh h\u1ecdc TTCM 0848130363 2 V\u00f5 Th\u1ecb Ng\u00e2n \u00a0 1968 C\u1eed nh\u00e2n SP \u0110\u1ecba l\u00ed TPCM 0986549153&#8230;<\/p>\n","protected":false},"author":1,"featured_media":0,"parent":0,"menu_order":0,"comment_status":"closed","ping_status":"closed","template":"","meta":{"footnotes":""},"class_list":["post-3402","page","type-page","status-publish","hentry"],"_links":{"self":[{"href":"https:\/\/thptdamha.edu.vn\/index.php?rest_route=\/wp\/v2\/pages\/3402","targetHints":{"allow":["GET"]}}],"collection":[{"href":"https:\/\/thptdamha.edu.vn\/index.php?rest_route=\/wp\/v2\/pages"}],"about":[{"href":"https:\/\/thptdamha.edu.vn\/index.php?rest_route=\/wp\/v2\/types\/page"}],"author":[{"embeddable":true,"href":"https:\/\/thptdamha.edu.vn\/index.php?rest_route=\/wp\/v2\/users\/1"}],"replies":[{"embeddable":true,"href":"https:\/\/thptdamha.edu.vn\/index.php?rest_route=%2Fwp%2Fv2%2Fcomments&post=3402"}],"version-history":[{"count":5,"href":"https:\/\/thptdamha.edu.vn\/index.php?rest_route=\/wp\/v2\/pages\/3402\/revisions"}],"predecessor-version":[{"id":4084,"href":"https:\/\/thptdamha.edu.vn\/index.php?rest_route=\/wp\/v2\/pages\/3402\/revisions\/4084"}],"wp:attachment":[{"href":"https:\/\/thptdamha.edu.vn\/index.php?rest_route=%2Fwp%2Fv2%2Fmedia&parent=3402"}],"curies":[{"name":"wp","href":"https:\/\/api.w.org\/{rel}","templated":true}]}}