{"id":3404,"date":"2024-10-18T08:28:18","date_gmt":"2024-10-18T01:28:18","guid":{"rendered":"https:\/\/thptdamha.edu.vn\/?page_id=3404"},"modified":"2024-11-12T14:15:41","modified_gmt":"2024-11-12T07:15:41","slug":"to-van-phong","status":"publish","type":"page","link":"https:\/\/thptdamha.edu.vn\/?page_id=3404","title":{"rendered":"T\u1ed5 V\u0103n ph\u00f2ng"},"content":{"rendered":"<table width=\"757\">\r\n<tbody>\r\n<tr>\r\n<td style=\"text-align: center;\" colspan=\"8\" width=\"757\"><span style=\"font-size: 120%; color: #ff0000;\"><strong>DANH S\u00c1CH GI\u00c1O VI\u00caN T\u1ed4 V\u0102N PH\u00d2NG<\/strong><\/span><\/td>\r\n<\/tr>\r\n<tr>\r\n<td style=\"text-align: center;\" rowspan=\"2\"><span style=\"font-size: 110%; color: #800080;\"><strong>STT<\/strong><\/span><\/td>\r\n<td style=\"text-align: center;\" rowspan=\"2\"><span style=\"font-size: 110%; color: #800080;\"><strong>H\u1ecc V\u00c0 T\u00caN<\/strong><\/span><\/td>\r\n<td style=\"text-align: center;\" colspan=\"2\"><span style=\"font-size: 110%; color: #800080;\"><strong>N\u0102M SINH<\/strong><\/span><\/td>\r\n<td style=\"text-align: center;\" colspan=\"2\" rowspan=\"2\"><span style=\"font-size: 110%; color: #800080;\"><strong>TR\u00ccNH \u0110\u1ed8 CHUY\u00caN M\u00d4N<\/strong><\/span><\/td>\r\n<td style=\"text-align: center;\" rowspan=\"2\"><span style=\"font-size: 110%; color: #800080;\"><strong>CH\u1ee8C V\u1ee4<\/strong><\/span><\/td>\r\n<td style=\"text-align: center;\" rowspan=\"2\"><span style=\"font-size: 110%; color: #800080;\"><strong>S\u1ed0 \u0110I\u1ec6N THO\u1ea0I<\/strong><\/span><\/td>\r\n<\/tr>\r\n<tr>\r\n<td style=\"text-align: center;\"><span style=\"font-size: 110%; color: #800080;\"><strong>Nam<\/strong><\/span><\/td>\r\n<td style=\"text-align: center;\"><span style=\"font-size: 110%; color: #800080;\"><strong>N\u1eef<\/strong><\/span><\/td>\r\n<\/tr>\r\n<tr>\r\n<td style=\"text-align: center;\"><span style=\"color: #008080; font-size: 105%;\">1<\/span><\/td>\r\n<td style=\"text-align: left;\"><span style=\"color: #008080; font-size: 105%;\">\u0110inh Th\u1ecb Th\u00fay Nhu\u1ea7n<\/span><\/td>\r\n<td style=\"text-align: left;\">\u00a0<\/td>\r\n<td style=\"text-align: left;\"><span style=\"color: #008080; font-size: 105%;\">1983<\/span><\/td>\r\n<td style=\"text-align: left;\" colspan=\"2\"><span style=\"color: #008080; font-size: 105%;\">Chuy\u00ean ng\u00e0nh kh\u00e1c<\/span><\/td>\r\n<td style=\"text-align: left;\"><span style=\"color: #008080; font-size: 105%;\">TTVP<\/span><\/td>\r\n<td style=\"text-align: left;\"><span style=\"color: #008080; font-size: 105%;\">0978058889<\/span><\/td>\r\n<\/tr>\r\n<tr>\r\n<td style=\"text-align: center;\"><span style=\"color: #008080; font-size: 105%;\">2<\/span><\/td>\r\n<td><span style=\"color: #008080; font-size: 105%;\">Ho\u00e0ng Th\u1ecb Ho\u00e0n<\/span><\/td>\r\n<td>\u00a0<\/td>\r\n<td><span style=\"color: #008080; font-size: 105%;\">1984<\/span><\/td>\r\n<td colspan=\"2\"><span style=\"color: #008080; font-size: 105%;\">Chuy\u00ean ng\u00e0nh kh\u00e1c<\/span><\/td>\r\n<td><span style=\"color: #008080; font-size: 105%;\">Nh\u00e2n vi\u00ean v\u0103n th\u01b0<\/span><\/td>\r\n<td><span style=\"color: #008080; font-size: 105%;\">0987568208<\/span><\/td>\r\n<\/tr>\r\n<tr>\r\n<td style=\"text-align: center;\"><span style=\"color: #008080; font-size: 105%;\">3<\/span><\/td>\r\n<td><span style=\"color: #008080; font-size: 105%;\">Ph\u1ea1m V\u0103n H\u01b0ng<\/span><\/td>\r\n<td><span style=\"color: #008080; font-size: 105%;\">1984<\/span><\/td>\r\n<td>\u00a0<\/td>\r\n<td colspan=\"2\"><span style=\"color: #008080; font-size: 105%;\">Chuy\u00ean ng\u00e0nh kh\u00e1c<\/span><\/td>\r\n<td><span style=\"color: #008080; font-size: 105%;\">Nh\u00e2n vi\u00ean y t\u1ebf<\/span><\/td>\r\n<td><span style=\"color: #008080; font-size: 105%;\"><a style=\"color: #008080;\" href=\"tel:0915909224\">0366663999<\/a><\/span><\/td>\r\n<\/tr>\r\n<tr>\r\n<td style=\"text-align: center;\"><span style=\"color: #008080; font-size: 105%;\">4<\/span><\/td>\r\n<td style=\"text-align: left;\"><span style=\"color: #008080; font-size: 105%;\">Chu B\u00edch Th\u00f9y<\/span><\/td>\r\n<td style=\"text-align: left;\">\u00a0<\/td>\r\n<td style=\"text-align: left;\"><span style=\"color: #008080; font-size: 105%;\">1984<\/span><\/td>\r\n<td style=\"text-align: left;\" colspan=\"2\"><span style=\"color: #008080; font-size: 105%;\">Chuy\u00ean ng\u00e0nh kh\u00e1c<\/span><\/td>\r\n<td style=\"text-align: left;\"><span style=\"color: #008080; font-size: 105%;\">Nh\u00e2n vi\u00ean thi\u1ebft b\u1ecb<\/span><\/td>\r\n<td style=\"text-align: left;\"><span style=\"color: #008080; font-size: 105%;\">0327184886<\/span><\/td>\r\n<\/tr>\r\n<\/tbody>\r\n<\/table>\r\n","protected":false},"excerpt":{"rendered":"<p>DANH S\u00c1CH GI\u00c1O VI\u00caN T\u1ed4 V\u0102N PH\u00d2NG STT H\u1ecc V\u00c0 T\u00caN N\u0102M SINH TR\u00ccNH \u0110\u1ed8 CHUY\u00caN M\u00d4N CH\u1ee8C V\u1ee4 S\u1ed0 \u0110I\u1ec6N THO\u1ea0I Nam N\u1eef 1 \u0110inh Th\u1ecb Th\u00fay Nhu\u1ea7n \u00a0 1983 Chuy\u00ean ng\u00e0nh kh\u00e1c TTVP 0978058889 2 Ho\u00e0ng Th\u1ecb Ho\u00e0n \u00a0 1984 Chuy\u00ean ng\u00e0nh kh\u00e1c Nh\u00e2n vi\u00ean v\u0103n th\u01b0 0987568208 3 Ph\u1ea1m V\u0103n H\u01b0ng 1984&#8230;<\/p>\n","protected":false},"author":1,"featured_media":0,"parent":0,"menu_order":0,"comment_status":"closed","ping_status":"closed","template":"","meta":{"footnotes":""},"class_list":["post-3404","page","type-page","status-publish","hentry"],"_links":{"self":[{"href":"https:\/\/thptdamha.edu.vn\/index.php?rest_route=\/wp\/v2\/pages\/3404","targetHints":{"allow":["GET"]}}],"collection":[{"href":"https:\/\/thptdamha.edu.vn\/index.php?rest_route=\/wp\/v2\/pages"}],"about":[{"href":"https:\/\/thptdamha.edu.vn\/index.php?rest_route=\/wp\/v2\/types\/page"}],"author":[{"embeddable":true,"href":"https:\/\/thptdamha.edu.vn\/index.php?rest_route=\/wp\/v2\/users\/1"}],"replies":[{"embeddable":true,"href":"https:\/\/thptdamha.edu.vn\/index.php?rest_route=%2Fwp%2Fv2%2Fcomments&post=3404"}],"version-history":[{"count":3,"href":"https:\/\/thptdamha.edu.vn\/index.php?rest_route=\/wp\/v2\/pages\/3404\/revisions"}],"predecessor-version":[{"id":4088,"href":"https:\/\/thptdamha.edu.vn\/index.php?rest_route=\/wp\/v2\/pages\/3404\/revisions\/4088"}],"wp:attachment":[{"href":"https:\/\/thptdamha.edu.vn\/index.php?rest_route=%2Fwp%2Fv2%2Fmedia&parent=3404"}],"curies":[{"name":"wp","href":"https:\/\/api.w.org\/{rel}","templated":true}]}}